{"id":3716,"date":"2025-06-05T12:01:01","date_gmt":"2025-06-05T12:01:01","guid":{"rendered":"https:\/\/staging-ccr.preview-kainz.de\/mentions-legales-et-protection-des-donnees\/"},"modified":"2025-07-22T08:32:43","modified_gmt":"2025-07-22T08:32:43","slug":"mentions-legales-et-protection-des-donnees","status":"publish","type":"page","link":"https:\/\/www.cc-rail.com\/fr\/mentions-legales-et-protection-des-donnees\/","title":{"rendered":"Mentions l\u00e9gales et protection des donn\u00e9es"},"content":{"rendered":"\t\t<div data-elementor-type=\"wp-page\" data-elementor-id=\"3716\" class=\"elementor elementor-3716 elementor-2583\" data-elementor-post-type=\"page\">\n\t\t\t\t<div class=\"elementor-element elementor-element-3f2c634 e-flex e-con-boxed e-con e-parent\" data-id=\"3f2c634\" data-element_type=\"container\" data-e-type=\"container\" data-settings=\"{&quot;background_background&quot;:&quot;classic&quot;}\">\n\t\t\t\t\t<div class=\"e-con-inner\">\n\t\t\t\t\t<\/div>\n\t\t\t\t<\/div>\n\t\t<div class=\"elementor-element elementor-element-98415a8 e-flex e-con-boxed e-con e-parent\" data-id=\"98415a8\" data-element_type=\"container\" data-e-type=\"container\">\n\t\t\t\t\t<div class=\"e-con-inner\">\n\t\t<div class=\"elementor-element elementor-element-f728124 e-con-full e-flex e-con e-child\" data-id=\"f728124\" data-element_type=\"container\" data-e-type=\"container\">\n\t\t<div class=\"elementor-element elementor-element-936072b e-con-full e-flex e-con e-child\" data-id=\"936072b\" data-element_type=\"container\" data-e-type=\"container\" data-settings=\"{&quot;background_background&quot;:&quot;classic&quot;}\">\n\t\t\t\t<\/div>\n\t\t<div class=\"elementor-element elementor-element-720cff8 e-con-full e-flex e-con e-child\" data-id=\"720cff8\" data-element_type=\"container\" data-e-type=\"container\" data-settings=\"{&quot;background_background&quot;:&quot;classic&quot;}\">\n\t\t\t\t<div class=\"elementor-element elementor-element-3dd85ca elementor-widget__width-inherit elementor-widget elementor-widget-heading\" data-id=\"3dd85ca\" data-element_type=\"widget\" data-e-type=\"widget\" data-widget_type=\"heading.default\">\n\t\t\t\t<div class=\"elementor-widget-container\">\n\t\t\t\t\t<h2 class=\"elementor-heading-title elementor-size-default\">Mentions l\u00e9gales et protection des donn\u00e9es<\/h2>\t\t\t\t<\/div>\n\t\t\t\t<\/div>\n\t\t\t\t<\/div>\n\t\t\t\t<\/div>\n\t\t<div class=\"elementor-element elementor-element-e67f946 e-con-full e-flex e-con e-child\" data-id=\"e67f946\" data-element_type=\"container\" data-e-type=\"container\">\n\t\t\t\t<\/div>\n\t\t\t\t\t<\/div>\n\t\t\t\t<\/div>\n\t\t<div class=\"elementor-element elementor-element-a75fbce e-flex e-con-boxed e-con e-parent\" data-id=\"a75fbce\" data-element_type=\"container\" data-e-type=\"container\">\n\t\t\t\t\t<div class=\"e-con-inner\">\n\t\t<div class=\"elementor-element elementor-element-e2c193f e-con-full e-flex e-con e-child\" data-id=\"e2c193f\" data-element_type=\"container\" data-e-type=\"container\">\n\t\t<div class=\"elementor-element elementor-element-723a951 e-con-full e-flex e-con e-child\" data-id=\"723a951\" data-element_type=\"container\" data-e-type=\"container\">\n\t\t\t\t<div class=\"elementor-element elementor-element-632355c elementor-widget__width-initial elementor-widget elementor-widget-heading\" data-id=\"632355c\" data-element_type=\"widget\" data-e-type=\"widget\" data-widget_type=\"heading.default\">\n\t\t\t\t<div class=\"elementor-widget-container\">\n\t\t\t\t\t<h2 class=\"elementor-heading-title elementor-size-default\">International Competence Centre Rail GmbH<\/h2>\t\t\t\t<\/div>\n\t\t\t\t<\/div>\n\t\t\t\t<div class=\"elementor-element elementor-element-d4d16a5 elementor-widget__width-initial elementor-widget elementor-widget-text-editor\" data-id=\"d4d16a5\" data-element_type=\"widget\" data-e-type=\"widget\" data-widget_type=\"text-editor.default\">\n\t\t\t\t<div class=\"elementor-widget-container\">\n\t\t\t\t\t\t\t\t\t<div class=\"wpb_text_column wpb_content_element \"><div class=\"wpb_wrapper\"><p>Mitteldorfstrasse 17<br>CH &#8211; 6315 Ober\u00e4geri<br>Suisse<\/p><div>URL : www.cc-rail.com<br>Email : info@cc-rail.com<\/div><div> <\/div><div>Enregistr\u00e9e au registre du commerce du canton de Zoug sous le num\u00e9ro d&rsquo;identification des entreprises (UID) : CH-241.4.008.593-2.<\/div><p>Pr\u00e9sident-directeur g\u00e9n\u00e9ral : Fatih Haciismailogullari<\/p><\/div><\/div>\t\t\t\t\t\t\t\t<\/div>\n\t\t\t\t<\/div>\n\t\t\t\t<div class=\"elementor-element elementor-element-e1ae8cb elementor-widget__width-initial elementor-widget elementor-widget-heading\" data-id=\"e1ae8cb\" data-element_type=\"widget\" data-e-type=\"widget\" data-widget_type=\"heading.default\">\n\t\t\t\t<div class=\"elementor-widget-container\">\n\t\t\t\t\t<h2 class=\"elementor-heading-title elementor-size-default\">D\u00e9claration de confidentialit\u00e9<\/h2>\t\t\t\t<\/div>\n\t\t\t\t<\/div>\n\t\t\t\t<div class=\"elementor-element elementor-element-39ca647 elementor-widget__width-initial elementor-widget elementor-widget-text-editor\" data-id=\"39ca647\" data-element_type=\"widget\" data-e-type=\"widget\" data-widget_type=\"text-editor.default\">\n\t\t\t\t<div class=\"elementor-widget-container\">\n\t\t\t\t\t\t\t\t\t<div class=\"wpb_text_column wpb_content_element \"> <\/div><div class=\"wpb_text_column wpb_content_element \"><div class=\"wpb_wrapper\"><p>Pour nous, International Competence Center Rail GmbH. (\u00ab\u00a0CC-Rail\u00a0\u00bb), votre vie priv\u00e9e est importante. La pr\u00e9sente d\u00e9claration d\u00e9finit nos pratiques en mati\u00e8re de protection des donn\u00e9es en ce qui concerne la collecte, l&rsquo;utilisation et la divulgation d&rsquo;informations personnelles sur ce site Web. Les donn\u00e9es personnelles sont des informations qui, lorsqu&rsquo;elles sont associ\u00e9es \u00e0 une personne physique, permettent de conna\u00eetre son identit\u00e9 physique, physiologique, g\u00e9n\u00e9tique, psychique, \u00e9conomique, culturelle ou sociale. Les donn\u00e9es personnelles peuvent inclure votre nom, votre adresse e-mail et votre adresse postale. Il n&rsquo;est pas demand\u00e9 aux visiteurs de ce site de fournir de telles informations personnelles. Toutefois, vous pouvez nous fournir et divulguer volontairement des informations personnelles si vous souhaitez vous inscrire \u00e0 un s\u00e9minaire de formation sp\u00e9cifique, par exemple dans la section \u00ab\u00a0R\u00e9servation de cours\u00a0\u00bb de ce site. CC-Rail ne partagera, ne vendra ni ne louera jamais les donn\u00e9es personnelles que vous fournissez sur ce site \u00e0 des tiers sans votre autorisation, sauf si nous y sommes contraints par la loi. Nonobstant ce qui pr\u00e9c\u00e8de, la section \u00ab\u00a0R\u00e9servations de cours\u00a0\u00bb de ce site web est activ\u00e9e et h\u00e9berg\u00e9e par une tierce partie. En cons\u00e9quence, les informations personnelles fournies \u00e0 CC-Rail dans la section \u00ab\u00a0R\u00e9servations de cours\u00a0\u00bb sont mises \u00e0 disposition \u00e0 des fins limit\u00e9es d&rsquo;h\u00e9bergement et de gestion de cette section sp\u00e9cifique et de notre base de donn\u00e9es de formation.         <\/p><\/div><\/div>\t\t\t\t\t\t\t\t<\/div>\n\t\t\t\t<\/div>\n\t\t\t\t<div class=\"elementor-element elementor-element-ce16035 elementor-widget__width-initial elementor-widget elementor-widget-heading\" data-id=\"ce16035\" data-element_type=\"widget\" data-e-type=\"widget\" data-widget_type=\"heading.default\">\n\t\t\t\t<div class=\"elementor-widget-container\">\n\t\t\t\t\t<h2 class=\"elementor-heading-title elementor-size-default\">Acc\u00e8s<\/h2>\t\t\t\t<\/div>\n\t\t\t\t<\/div>\n\t\t\t\t<div class=\"elementor-element elementor-element-f2b818e elementor-widget__width-initial elementor-widget elementor-widget-text-editor\" data-id=\"f2b818e\" data-element_type=\"widget\" data-e-type=\"widget\" data-widget_type=\"text-editor.default\">\n\t\t\t\t<div class=\"elementor-widget-container\">\n\t\t\t\t\t\t\t\t\t<div class=\"wpb_text_column wpb_content_element \"><div class=\"wpb_wrapper\"><p>Si vous avez d\u00e9j\u00e0 accept\u00e9 de figurer sur notre liste de diffusion en tant que participant, vous pouvez r\u00e9silier votre profil en nous contactant conform\u00e9ment aux informations fournies \u00e0 la fin de la pr\u00e9sente d\u00e9claration de confidentialit\u00e9. Si vous nous avez pr\u00e9c\u00e9demment fourni des informations personnelles et que vous souhaitez les confirmer ou faire supprimer ou corriger les informations de nos dossiers<br>, veuillez nous contacter en utilisant les informations fournies \u00e0 la fin de cette d\u00e9claration de confidentialit\u00e9. <\/p><\/div><\/div>\t\t\t\t\t\t\t\t<\/div>\n\t\t\t\t<\/div>\n\t\t\t\t<div class=\"elementor-element elementor-element-f3e3a0d elementor-widget__width-initial elementor-widget elementor-widget-heading\" data-id=\"f3e3a0d\" data-element_type=\"widget\" data-e-type=\"widget\" data-widget_type=\"heading.default\">\n\t\t\t\t<div class=\"elementor-widget-container\">\n\t\t\t\t\t<h2 class=\"elementor-heading-title elementor-size-default\">S\u00e9curit\u00e9<\/h2>\t\t\t\t<\/div>\n\t\t\t\t<\/div>\n\t\t\t\t<div class=\"elementor-element elementor-element-20ee150 elementor-widget__width-initial elementor-widget elementor-widget-text-editor\" data-id=\"20ee150\" data-element_type=\"widget\" data-e-type=\"widget\" data-widget_type=\"text-editor.default\">\n\t\t\t\t<div class=\"elementor-widget-container\">\n\t\t\t\t\t\t\t\t\t<div class=\"wpb_text_column wpb_content_element \"><div class=\"wpb_wrapper\"><p>Vos donn\u00e9es personnelles sont trait\u00e9es par CC-Rail comme des informations priv\u00e9es et confidentielles et nous nous effor\u00e7ons de veiller \u00e0 ce que vos informations personnelles soient prot\u00e9g\u00e9es \u00e0 tout moment. Afin de pr\u00e9server la confidentialit\u00e9 de vos informations personnelles, CC-Rail conserve ces informations dans un environnement s\u00e9curis\u00e9. Bien que CC-Rail ait mis en place des m\u00e9thodes efficaces pour assurer la protection de vos donn\u00e9es personnelles, nous ne pouvons pas garantir que ces informations ne seront pas perdues, utilis\u00e9es de mani\u00e8re illicite ou modifi\u00e9es de mani\u00e8re frauduleuse, car aucune transmission de donn\u00e9es via Internet ne peut garantir une confidentialit\u00e9 absolue. Par cons\u00e9quent, nous d\u00e9clinons toute responsabilit\u00e9 quant \u00e0 l&rsquo;utilisation de ces informations par vous-m\u00eame ou par des tiers.   <\/p><\/div><\/div>\t\t\t\t\t\t\t\t<\/div>\n\t\t\t\t<\/div>\n\t\t\t\t<div class=\"elementor-element elementor-element-70f4902 elementor-widget__width-initial elementor-widget elementor-widget-heading\" data-id=\"70f4902\" data-element_type=\"widget\" data-e-type=\"widget\" data-widget_type=\"heading.default\">\n\t\t\t\t<div class=\"elementor-widget-container\">\n\t\t\t\t\t<h2 class=\"elementor-heading-title elementor-size-default\">Informations confidentielles ou prot\u00e9g\u00e9es par des droits d'auteur<\/h2>\t\t\t\t<\/div>\n\t\t\t\t<\/div>\n\t\t\t\t<div class=\"elementor-element elementor-element-1f510ab elementor-widget__width-initial elementor-widget elementor-widget-text-editor\" data-id=\"1f510ab\" data-element_type=\"widget\" data-e-type=\"widget\" data-widget_type=\"text-editor.default\">\n\t\t\t\t<div class=\"elementor-widget-container\">\n\t\t\t\t\t\t\t\t\t<div class=\"wpb_text_column wpb_content_element \"><div class=\"wpb_wrapper\"><p>CC-Rail est heureux de vous entendre et accueille volontiers vos commentaires sur les s\u00e9minaires et les services de coaching de CC-Rail. Cependant, vous comprendrez que CC-Rail ne souhaite malheureusement pas recevoir d&rsquo;informations confidentielles ou exclusives de votre part via notre site web. Veuillez noter que les informations ou le mat\u00e9riel non personnels envoy\u00e9s \u00e0 CC-Rail via notre site Web ne sont PAS consid\u00e9r\u00e9s comme confidentiels. En fournissant des informations ou du mat\u00e9riel \u00e0 CC-Rail, vous lui accordez une licence illimit\u00e9e et irr\u00e9vocable d&rsquo;utilisation, de reproduction, de repr\u00e9sentation, d&rsquo;utilisation, de modification, de transmission et de diffusion de ce mat\u00e9riel ou de ces informations, et vous acceptez \u00e9galement que CC-Rail soit libre d&rsquo;utiliser toute id\u00e9e, concept, savoir-faire ou technique que vous lui enverrez, quelle qu&rsquo;en soit la raison.   <\/p><\/div><\/div>\t\t\t\t\t\t\t\t<\/div>\n\t\t\t\t<\/div>\n\t\t\t\t<div class=\"elementor-element elementor-element-f23eae3 elementor-widget__width-initial elementor-widget elementor-widget-heading\" data-id=\"f23eae3\" data-element_type=\"widget\" data-e-type=\"widget\" data-widget_type=\"heading.default\">\n\t\t\t\t<div class=\"elementor-widget-container\">\n\t\t\t\t\t<h2 class=\"elementor-heading-title elementor-size-default\">Courrier \u00e9lectronique<\/h2>\t\t\t\t<\/div>\n\t\t\t\t<\/div>\n\t\t\t\t<div class=\"elementor-element elementor-element-a7b515e elementor-widget__width-initial elementor-widget elementor-widget-text-editor\" data-id=\"a7b515e\" data-element_type=\"widget\" data-e-type=\"widget\" data-widget_type=\"text-editor.default\">\n\t\t\t\t<div class=\"elementor-widget-container\">\n\t\t\t\t\t\t\t\t\t<div class=\"wpb_text_column wpb_content_element \"><div class=\"wpb_wrapper\"><p>Si vous envoyez une demande par e-mail \u00e0 ce site, toutes les informations personnelles que vous transmettez en m\u00eame temps ne seront utilis\u00e9es que par le personnel de CC-Rail ou ses filiales qui ont besoin d&rsquo;y acc\u00e9der pour r\u00e9pondre \u00e0 votre demande.<\/p><\/div><\/div>\t\t\t\t\t\t\t\t<\/div>\n\t\t\t\t<\/div>\n\t\t\t\t<div class=\"elementor-element elementor-element-7999bab elementor-widget__width-initial elementor-widget elementor-widget-heading\" data-id=\"7999bab\" data-element_type=\"widget\" data-e-type=\"widget\" data-widget_type=\"heading.default\">\n\t\t\t\t<div class=\"elementor-widget-container\">\n\t\t\t\t\t<h2 class=\"elementor-heading-title elementor-size-default\">Modifications<\/h2>\t\t\t\t<\/div>\n\t\t\t\t<\/div>\n\t\t\t\t<div class=\"elementor-element elementor-element-2e76d50 elementor-widget__width-initial elementor-widget elementor-widget-text-editor\" data-id=\"2e76d50\" data-element_type=\"widget\" data-e-type=\"widget\" data-widget_type=\"text-editor.default\">\n\t\t\t\t<div class=\"elementor-widget-container\">\n\t\t\t\t\t\t\t\t\t<div class=\"wpb_text_column wpb_content_element \"><div class=\"wpb_wrapper\"><p>CC-Rail se r\u00e9serve le droit de modifier cette d\u00e9claration de confidentialit\u00e9 \u00e0 sa seule discr\u00e9tion et sans pr\u00e9avis. Nous veillerons toutefois \u00e0 ce que toute modification de cette d\u00e9claration soit conforme aux lois sur la protection des donn\u00e9es en vigueur en Suisse et soit publi\u00e9e sur cette page. Veuillez noter que seule la version anglaise de la d\u00e9claration de confidentialit\u00e9 de CC-Rail a une valeur juridique.  <\/p><\/div><\/div>\t\t\t\t\t\t\t\t<\/div>\n\t\t\t\t<\/div>\n\t\t\t\t<div class=\"elementor-element elementor-element-14704f2 elementor-widget__width-initial elementor-widget elementor-widget-heading\" data-id=\"14704f2\" data-element_type=\"widget\" data-e-type=\"widget\" data-widget_type=\"heading.default\">\n\t\t\t\t<div class=\"elementor-widget-container\">\n\t\t\t\t\t<h2 class=\"elementor-heading-title elementor-size-default\">Liens externes<\/h2>\t\t\t\t<\/div>\n\t\t\t\t<\/div>\n\t\t\t\t<div class=\"elementor-element elementor-element-1433dcd elementor-widget__width-initial elementor-widget elementor-widget-text-editor\" data-id=\"1433dcd\" data-element_type=\"widget\" data-e-type=\"widget\" data-widget_type=\"text-editor.default\">\n\t\t\t\t<div class=\"elementor-widget-container\">\n\t\t\t\t\t\t\t\t\t<div class=\"wpb_text_column wpb_content_element \"><div class=\"wpb_wrapper\"><p>Ce site web peut contenir des liens qui vous conduisent \u00e0 d&rsquo;autres sites web. La pr\u00e9sente d\u00e9claration de confidentialit\u00e9 ne s&rsquo;\u00e9tend pas aux pratiques de collecte de donn\u00e9es de tiers et CC-Rail n&rsquo;assume aucune responsabilit\u00e9 quant aux pratiques, politiques ou actions de tiers en mati\u00e8re de confidentialit\u00e9. Vous devez lire les politiques de confidentialit\u00e9 individuelles de ces sites et prendre une d\u00e9cision \u00e9clair\u00e9e quant \u00e0 l&rsquo;utilisation de ces sites en fonction de leurs pratiques de confidentialit\u00e9.  <\/p><\/div><\/div>\t\t\t\t\t\t\t\t<\/div>\n\t\t\t\t<\/div>\n\t\t\t\t<div class=\"elementor-element elementor-element-fbec855 elementor-widget__width-initial elementor-widget elementor-widget-heading\" data-id=\"fbec855\" data-element_type=\"widget\" data-e-type=\"widget\" data-widget_type=\"heading.default\">\n\t\t\t\t<div class=\"elementor-widget-container\">\n\t\t\t\t\t<h2 class=\"elementor-heading-title elementor-size-default\">Contact<\/h2>\t\t\t\t<\/div>\n\t\t\t\t<\/div>\n\t\t\t\t<div class=\"elementor-element elementor-element-f9e1690 elementor-widget__width-initial elementor-widget elementor-widget-text-editor\" data-id=\"f9e1690\" data-element_type=\"widget\" data-e-type=\"widget\" data-widget_type=\"text-editor.default\">\n\t\t\t\t<div class=\"elementor-widget-container\">\n\t\t\t\t\t\t\t\t\t<div class=\"wpb_text_column wpb_content_element \"><div class=\"wpb_wrapper\"><p>N&rsquo;h\u00e9sitez pas \u00e0 nous contacter !<br>Si vous avez des commentaires, des questions ou des plaintes concernant la d\u00e9claration de confidentialit\u00e9 ou les pratiques de CC-Rail, veuillez contacter le PDG, par t\u00e9l\u00e9phone au +41 79 522 47 13 ou par \u00e9crit \u00e0 l&rsquo;adresse suivante :<\/p><p>International Competence Centre Rail GmbH,<br>Mitteldorfstrasse 17,<br>CH-6315 Ober\u00e4geri,<br>Suisse.<\/p><\/div><\/div>\t\t\t\t\t\t\t\t<\/div>\n\t\t\t\t<\/div>\n\t\t\t\t<div class=\"elementor-element elementor-element-ed3e7da elementor-widget__width-initial elementor-widget elementor-widget-heading\" data-id=\"ed3e7da\" data-element_type=\"widget\" data-e-type=\"widget\" data-widget_type=\"heading.default\">\n\t\t\t\t<div class=\"elementor-widget-container\">\n\t\t\t\t\t<h2 class=\"elementor-heading-title elementor-size-default\">Conception de sites web<\/h2>\t\t\t\t<\/div>\n\t\t\t\t<\/div>\n\t\t\t\t<div class=\"elementor-element elementor-element-08820b4 elementor-widget__width-initial elementor-widget elementor-widget-text-editor\" data-id=\"08820b4\" data-element_type=\"widget\" data-e-type=\"widget\" data-widget_type=\"text-editor.default\">\n\t\t\t\t<div class=\"elementor-widget-container\">\n\t\t\t\t\t\t\t\t\t<div class=\"wpb_text_column wpb_content_element \"><div class=\"wpb_wrapper\"><a href=\"https:\/\/www.kainz.de\">kainz_werbeagentur<\/a><\/div><\/div><div class=\"wpb_text_column wpb_content_element \"><div class=\"wpb_wrapper\"><p>Bregenzer Stra\u00dfe 55<br>88131 Lindau<br>www.kainz.de<\/p><\/div><\/div>\t\t\t\t\t\t\t\t<\/div>\n\t\t\t\t<\/div>\n\t\t\t\t<\/div>\n\t\t\t\t<\/div>\n\t\t\t\t\t<\/div>\n\t\t\t\t<\/div>\n\t\t\t\t<\/div>\n\t\t","protected":false},"excerpt":{"rendered":"<p>Mentions l\u00e9gales et protection des donn\u00e9es International Competence Centre Rail GmbH Mitteldorfstrasse 17CH &#8211; 6315 Ober\u00e4geriSuisse URL : www.cc-rail.comEmail : info@cc-rail.com Enregistr\u00e9e au registre du commerce du canton de Zoug sous le num\u00e9ro d&rsquo;identification des entreprises (UID) : CH-241.4.008.593-2. Pr\u00e9sident-directeur g\u00e9n\u00e9ral : Fatih Haciismailogullari D\u00e9claration de confidentialit\u00e9 Pour nous, International Competence Center Rail GmbH. (\u00ab\u00a0CC-Rail\u00a0\u00bb), [&hellip;]<\/p>\n","protected":false},"author":1,"featured_media":0,"parent":0,"menu_order":0,"comment_status":"closed","ping_status":"closed","template":"","meta":{"_acf_changed":false,"footnotes":""},"class_list":["post-3716","page","type-page","status-publish","hentry"],"acf":[],"yoast_head":"<!-- This site is optimized with the Yoast SEO plugin v27.2 - https:\/\/yoast.com\/product\/yoast-seo-wordpress\/ -->\n<title>Mentions l\u00e9gales et protection des donn\u00e9es - CC-Rail<\/title>\n<meta name=\"robots\" content=\"index, follow, max-snippet:-1, max-image-preview:large, max-video-preview:-1\" \/>\n<link rel=\"canonical\" href=\"https:\/\/www.cc-rail.com\/imprint-data-privacy\/\" \/>\n<meta property=\"og:locale\" content=\"fr_FR\" \/>\n<meta property=\"og:type\" content=\"article\" \/>\n<meta property=\"og:title\" content=\"Mentions l\u00e9gales et protection des donn\u00e9es - CC-Rail\" \/>\n<meta property=\"og:description\" content=\"Mentions l\u00e9gales et protection des donn\u00e9es International Competence Centre Rail GmbH Mitteldorfstrasse 17CH &#8211; 6315 Ober\u00e4geriSuisse URL : www.cc-rail.comEmail : info@cc-rail.com Enregistr\u00e9e au registre du commerce du canton de Zoug sous le num\u00e9ro d&rsquo;identification des entreprises (UID) : CH-241.4.008.593-2. Pr\u00e9sident-directeur g\u00e9n\u00e9ral : Fatih Haciismailogullari D\u00e9claration de confidentialit\u00e9 Pour nous, International Competence Center Rail GmbH. (\u00ab\u00a0CC-Rail\u00a0\u00bb), [&hellip;]\" \/>\n<meta property=\"og:url\" content=\"https:\/\/www.cc-rail.com\/imprint-data-privacy\/\" \/>\n<meta property=\"og:site_name\" content=\"CC-Rail\" \/>\n<meta property=\"article:modified_time\" content=\"2025-07-22T08:32:43+00:00\" \/>\n<meta name=\"twitter:card\" content=\"summary_large_image\" \/>\n<meta name=\"twitter:label1\" content=\"Dur\u00e9e de lecture estim\u00e9e\" \/>\n\t<meta name=\"twitter:data1\" content=\"5 minutes\" \/>\n<script type=\"application\/ld+json\" class=\"yoast-schema-graph\">{\"@context\":\"https:\/\/schema.org\",\"@graph\":[{\"@type\":\"WebPage\",\"@id\":\"https:\/\/www.cc-rail.com\/imprint-data-privacy\/\",\"url\":\"https:\/\/www.cc-rail.com\/imprint-data-privacy\/\",\"name\":\"Mentions l\u00e9gales et protection des donn\u00e9es - CC-Rail\",\"isPartOf\":{\"@id\":\"https:\/\/www.cc-rail.com\/#website\"},\"datePublished\":\"2025-06-05T12:01:01+00:00\",\"dateModified\":\"2025-07-22T08:32:43+00:00\",\"breadcrumb\":{\"@id\":\"https:\/\/www.cc-rail.com\/imprint-data-privacy\/#breadcrumb\"},\"inLanguage\":\"fr-FR\",\"potentialAction\":[{\"@type\":\"ReadAction\",\"target\":[\"https:\/\/www.cc-rail.com\/imprint-data-privacy\/\"]}]},{\"@type\":\"BreadcrumbList\",\"@id\":\"https:\/\/www.cc-rail.com\/imprint-data-privacy\/#breadcrumb\",\"itemListElement\":[{\"@type\":\"ListItem\",\"position\":1,\"name\":\"Startseite\",\"item\":\"https:\/\/www.cc-rail.com\/fr\/\"},{\"@type\":\"ListItem\",\"position\":2,\"name\":\"Mentions l\u00e9gales et protection des donn\u00e9es\"}]},{\"@type\":\"WebSite\",\"@id\":\"https:\/\/www.cc-rail.com\/#website\",\"url\":\"https:\/\/www.cc-rail.com\/\",\"name\":\"CC-Rail\",\"description\":\"\",\"potentialAction\":[{\"@type\":\"SearchAction\",\"target\":{\"@type\":\"EntryPoint\",\"urlTemplate\":\"https:\/\/www.cc-rail.com\/?s={search_term_string}\"},\"query-input\":{\"@type\":\"PropertyValueSpecification\",\"valueRequired\":true,\"valueName\":\"search_term_string\"}}],\"inLanguage\":\"fr-FR\"}]}<\/script>\n<!-- \/ Yoast SEO plugin. -->","yoast_head_json":{"title":"Mentions l\u00e9gales et protection des donn\u00e9es - CC-Rail","robots":{"index":"index","follow":"follow","max-snippet":"max-snippet:-1","max-image-preview":"max-image-preview:large","max-video-preview":"max-video-preview:-1"},"canonical":"https:\/\/www.cc-rail.com\/imprint-data-privacy\/","og_locale":"fr_FR","og_type":"article","og_title":"Mentions l\u00e9gales et protection des donn\u00e9es - CC-Rail","og_description":"Mentions l\u00e9gales et protection des donn\u00e9es International Competence Centre Rail GmbH Mitteldorfstrasse 17CH &#8211; 6315 Ober\u00e4geriSuisse URL : www.cc-rail.comEmail : info@cc-rail.com Enregistr\u00e9e au registre du commerce du canton de Zoug sous le num\u00e9ro d&rsquo;identification des entreprises (UID) : CH-241.4.008.593-2. Pr\u00e9sident-directeur g\u00e9n\u00e9ral : Fatih Haciismailogullari D\u00e9claration de confidentialit\u00e9 Pour nous, International Competence Center Rail GmbH. (\u00ab\u00a0CC-Rail\u00a0\u00bb), [&hellip;]","og_url":"https:\/\/www.cc-rail.com\/imprint-data-privacy\/","og_site_name":"CC-Rail","article_modified_time":"2025-07-22T08:32:43+00:00","twitter_card":"summary_large_image","twitter_misc":{"Dur\u00e9e de lecture estim\u00e9e":"5 minutes"},"schema":{"@context":"https:\/\/schema.org","@graph":[{"@type":"WebPage","@id":"https:\/\/www.cc-rail.com\/imprint-data-privacy\/","url":"https:\/\/www.cc-rail.com\/imprint-data-privacy\/","name":"Mentions l\u00e9gales et protection des donn\u00e9es - CC-Rail","isPartOf":{"@id":"https:\/\/www.cc-rail.com\/#website"},"datePublished":"2025-06-05T12:01:01+00:00","dateModified":"2025-07-22T08:32:43+00:00","breadcrumb":{"@id":"https:\/\/www.cc-rail.com\/imprint-data-privacy\/#breadcrumb"},"inLanguage":"fr-FR","potentialAction":[{"@type":"ReadAction","target":["https:\/\/www.cc-rail.com\/imprint-data-privacy\/"]}]},{"@type":"BreadcrumbList","@id":"https:\/\/www.cc-rail.com\/imprint-data-privacy\/#breadcrumb","itemListElement":[{"@type":"ListItem","position":1,"name":"Startseite","item":"https:\/\/www.cc-rail.com\/fr\/"},{"@type":"ListItem","position":2,"name":"Mentions l\u00e9gales et protection des donn\u00e9es"}]},{"@type":"WebSite","@id":"https:\/\/www.cc-rail.com\/#website","url":"https:\/\/www.cc-rail.com\/","name":"CC-Rail","description":"","potentialAction":[{"@type":"SearchAction","target":{"@type":"EntryPoint","urlTemplate":"https:\/\/www.cc-rail.com\/?s={search_term_string}"},"query-input":{"@type":"PropertyValueSpecification","valueRequired":true,"valueName":"search_term_string"}}],"inLanguage":"fr-FR"}]}},"_links":{"self":[{"href":"https:\/\/www.cc-rail.com\/fr\/wp-json\/wp\/v2\/pages\/3716","targetHints":{"allow":["GET"]}}],"collection":[{"href":"https:\/\/www.cc-rail.com\/fr\/wp-json\/wp\/v2\/pages"}],"about":[{"href":"https:\/\/www.cc-rail.com\/fr\/wp-json\/wp\/v2\/types\/page"}],"author":[{"embeddable":true,"href":"https:\/\/www.cc-rail.com\/fr\/wp-json\/wp\/v2\/users\/1"}],"replies":[{"embeddable":true,"href":"https:\/\/www.cc-rail.com\/fr\/wp-json\/wp\/v2\/comments?post=3716"}],"version-history":[{"count":0,"href":"https:\/\/www.cc-rail.com\/fr\/wp-json\/wp\/v2\/pages\/3716\/revisions"}],"wp:attachment":[{"href":"https:\/\/www.cc-rail.com\/fr\/wp-json\/wp\/v2\/media?parent=3716"}],"curies":[{"name":"wp","href":"https:\/\/api.w.org\/{rel}","templated":true}]}}