{"id":3651,"date":"2025-05-27T09:10:11","date_gmt":"2025-05-27T09:10:11","guid":{"rendered":"https:\/\/staging-ccr.preview-kainz.de\/actualites\/"},"modified":"2025-07-31T10:59:15","modified_gmt":"2025-07-31T10:59:15","slug":"actualites","status":"publish","type":"page","link":"https:\/\/www.cc-rail.com\/fr\/actualites\/","title":{"rendered":"Actualit\u00e9s"},"content":{"rendered":"\t\t<div data-elementor-type=\"wp-page\" data-elementor-id=\"3651\" class=\"elementor elementor-3651 elementor-770\" data-elementor-post-type=\"page\">\n\t\t\t\t<div class=\"elementor-element elementor-element-787bda0 e-flex e-con-boxed e-con e-parent\" data-id=\"787bda0\" data-element_type=\"container\" data-e-type=\"container\">\n\t\t\t\t\t<div class=\"e-con-inner\">\n\t\t\t\t<div class=\"elementor-element elementor-element-edeb4ec elementor-widget-tablet__width-inherit elementor-widget elementor-widget-image\" data-id=\"edeb4ec\" data-element_type=\"widget\" data-e-type=\"widget\" data-widget_type=\"image.default\">\n\t\t\t\t<div class=\"elementor-widget-container\">\n\t\t\t\t\t\t\t\t\t\t\t\t\t\t\t<img fetchpriority=\"high\" decoding=\"async\" width=\"800\" height=\"534\" src=\"https:\/\/www.cc-rail.com\/wp-content\/uploads\/2025\/05\/iStock-2164921725-Kopie-1024x683.webp\" class=\"attachment-large size-large wp-image-2865\" alt=\"\" srcset=\"https:\/\/www.cc-rail.com\/wp-content\/uploads\/2025\/05\/iStock-2164921725-Kopie-1024x683.webp 1024w, https:\/\/www.cc-rail.com\/wp-content\/uploads\/2025\/05\/iStock-2164921725-Kopie-300x200.webp 300w, https:\/\/www.cc-rail.com\/wp-content\/uploads\/2025\/05\/iStock-2164921725-Kopie-768x512.webp 768w, https:\/\/www.cc-rail.com\/wp-content\/uploads\/2025\/05\/iStock-2164921725-Kopie-1536x1024.webp 1536w, https:\/\/www.cc-rail.com\/wp-content\/uploads\/2025\/05\/iStock-2164921725-Kopie-2048x1366.webp 2048w\" sizes=\"(max-width: 800px) 100vw, 800px\" \/>\t\t\t\t\t\t\t\t\t\t\t\t\t\t\t<\/div>\n\t\t\t\t<\/div>\n\t\t\t\t\t<\/div>\n\t\t\t\t<\/div>\n\t\t<div class=\"elementor-element elementor-element-f2ab455 e-flex e-con-boxed e-con e-parent\" data-id=\"f2ab455\" data-element_type=\"container\" data-e-type=\"container\">\n\t\t\t\t\t<div class=\"e-con-inner\">\n\t\t<div class=\"elementor-element elementor-element-9d1ec6d e-con-full e-flex e-con e-child\" data-id=\"9d1ec6d\" data-element_type=\"container\" data-e-type=\"container\">\n\t\t<div class=\"elementor-element elementor-element-441273f e-con-full e-flex e-con e-child\" data-id=\"441273f\" data-element_type=\"container\" data-e-type=\"container\" data-settings=\"{&quot;background_background&quot;:&quot;classic&quot;}\">\n\t\t\t\t<\/div>\n\t\t<div class=\"elementor-element elementor-element-34af3aa e-con-full e-flex e-con e-child\" data-id=\"34af3aa\" data-element_type=\"container\" data-e-type=\"container\" data-settings=\"{&quot;background_background&quot;:&quot;classic&quot;}\">\n\t\t\t\t<div class=\"elementor-element elementor-element-346584e elementor-widget__width-inherit elementor-widget elementor-widget-heading\" data-id=\"346584e\" data-element_type=\"widget\" data-e-type=\"widget\" data-widget_type=\"heading.default\">\n\t\t\t\t<div class=\"elementor-widget-container\">\n\t\t\t\t\t<h2 class=\"elementor-heading-title elementor-size-default\">C'est en s'impliquant que nous sommes le plus \u00e0 l'aise.<\/h2>\t\t\t\t<\/div>\n\t\t\t\t<\/div>\n\t\t\t\t<div class=\"elementor-element elementor-element-96b158b elementor-widget__width-inherit elementor-widget elementor-widget-heading\" data-id=\"96b158b\" data-element_type=\"widget\" data-e-type=\"widget\" data-widget_type=\"heading.default\">\n\t\t\t\t<div class=\"elementor-widget-container\">\n\t\t\t\t\t<h2 class=\"elementor-heading-title elementor-size-default\">Ce qui fait bouger notre branche nous fait bouger.<\/h2>\t\t\t\t<\/div>\n\t\t\t\t<\/div>\n\t\t\t\t<\/div>\n\t\t\t\t<\/div>\n\t\t<div class=\"elementor-element elementor-element-125547d e-con-full e-flex e-con e-child\" data-id=\"125547d\" data-element_type=\"container\" data-e-type=\"container\">\n\t\t\t\t<\/div>\n\t\t\t\t\t<\/div>\n\t\t\t\t<\/div>\n\t\t<div class=\"elementor-element elementor-element-e011c80 e-flex e-con-boxed e-con e-parent\" data-id=\"e011c80\" data-element_type=\"container\" data-e-type=\"container\">\n\t\t\t\t\t<div class=\"e-con-inner\">\n\t\t<div class=\"elementor-element elementor-element-e448cc4 e-con-full e-flex e-con e-child\" data-id=\"e448cc4\" data-element_type=\"container\" data-e-type=\"container\">\n\t\t<div class=\"elementor-element elementor-element-5928ef0 e-con-full e-flex e-con e-child\" data-id=\"5928ef0\" data-element_type=\"container\" data-e-type=\"container\">\n\t\t\t\t<div class=\"elementor-element elementor-element-537a5ae elementor-widget__width-initial elementor-widget elementor-widget-heading\" data-id=\"537a5ae\" data-element_type=\"widget\" data-e-type=\"widget\" data-widget_type=\"heading.default\">\n\t\t\t\t<div class=\"elementor-widget-container\">\n\t\t\t\t\t<h2 class=\"elementor-heading-title elementor-size-default\">Succ\u00e8s, \u00e9v\u00e9nements, d\u00e9veloppements :<\/h2>\t\t\t\t<\/div>\n\t\t\t\t<\/div>\n\t\t\t\t<div class=\"elementor-element elementor-element-761946c elementor-widget__width-initial elementor-widget elementor-widget-heading\" data-id=\"761946c\" data-element_type=\"widget\" data-e-type=\"widget\" data-widget_type=\"heading.default\">\n\t\t\t\t<div class=\"elementor-widget-container\">\n\t\t\t\t\t<h2 class=\"elementor-heading-title elementor-size-default\">Avec nous, tu restes au courant.<\/h2>\t\t\t\t<\/div>\n\t\t\t\t<\/div>\n\t\t\t\t<div class=\"elementor-element elementor-element-c96a182 elementor-widget__width-initial elementor-widget elementor-widget-text-editor\" data-id=\"c96a182\" data-element_type=\"widget\" data-e-type=\"widget\" data-widget_type=\"text-editor.default\">\n\t\t\t\t<div class=\"elementor-widget-container\">\n\t\t\t\t\t\t\t\t\t<p style=\"font-weight: 400;\">Nouveaut\u00e9s de notre r\u00e9seau mondial, tendances actuelles, changements et d\u00e9fis dans le secteur ferroviaire : nous sommes toujours bien inform\u00e9s.<\/p>\t\t\t\t\t\t\t\t<\/div>\n\t\t\t\t<\/div>\n\t\t\t\t<\/div>\n\t\t\t\t<\/div>\n\t\t\t\t\t<\/div>\n\t\t\t\t<\/div>\n\t\t<div class=\"elementor-element elementor-element-5b82c39 e-flex e-con-boxed e-con e-parent\" data-id=\"5b82c39\" data-element_type=\"container\" data-e-type=\"container\">\n\t\t\t\t\t<div class=\"e-con-inner\">\n\t\t\t\t<div class=\"elementor-element elementor-element-de18a27 elementor-posts--align-left elementor-widget__width-inherit elementor-grid-3 elementor-grid-tablet-2 elementor-grid-mobile-1 elementor-posts--thumbnail-top load-more-align-center elementor-widget elementor-widget-posts\" data-id=\"de18a27\" data-element_type=\"widget\" data-e-type=\"widget\" data-settings=\"{&quot;pagination_type&quot;:&quot;load_more_on_click&quot;,&quot;classic_columns&quot;:&quot;3&quot;,&quot;classic_columns_tablet&quot;:&quot;2&quot;,&quot;classic_columns_mobile&quot;:&quot;1&quot;,&quot;classic_row_gap&quot;:{&quot;unit&quot;:&quot;px&quot;,&quot;size&quot;:35,&quot;sizes&quot;:[]},&quot;classic_row_gap_tablet&quot;:{&quot;unit&quot;:&quot;px&quot;,&quot;size&quot;:&quot;&quot;,&quot;sizes&quot;:[]},&quot;classic_row_gap_mobile&quot;:{&quot;unit&quot;:&quot;px&quot;,&quot;size&quot;:&quot;&quot;,&quot;sizes&quot;:[]},&quot;load_more_spinner&quot;:{&quot;value&quot;:&quot;fas fa-spinner&quot;,&quot;library&quot;:&quot;fa-solid&quot;}}\" data-widget_type=\"posts.classic\">\n\t\t\t\t<div class=\"elementor-widget-container\">\n\t\t\t\t\t\t\t<div class=\"elementor-posts-container elementor-posts elementor-posts--skin-classic elementor-grid\" role=\"list\">\n\t\t\t\t<article class=\"elementor-post elementor-grid-item post-4430 post type-post status-publish format-standard has-post-thumbnail hentry category-actualites\" role=\"listitem\">\n\t\t\t\t<a class=\"elementor-post__thumbnail__link\" href=\"https:\/\/www.cc-rail.com\/fr\/decisions-developpements-les-modifications-ded-normes-et-leurs-implications\/\" tabindex=\"-1\" >\n\t\t\t<div class=\"elementor-post__thumbnail\"><img decoding=\"async\" width=\"300\" height=\"100\" src=\"https:\/\/www.cc-rail.com\/wp-content\/uploads\/2025\/09\/CCRail_normaenderungen-300x100.jpg\" class=\"attachment-medium size-medium wp-image-4426\" alt=\"\" srcset=\"https:\/\/www.cc-rail.com\/wp-content\/uploads\/2025\/09\/CCRail_normaenderungen-300x100.jpg 300w, https:\/\/www.cc-rail.com\/wp-content\/uploads\/2025\/09\/CCRail_normaenderungen-1024x341.jpg 1024w, https:\/\/www.cc-rail.com\/wp-content\/uploads\/2025\/09\/CCRail_normaenderungen-768x256.jpg 768w, https:\/\/www.cc-rail.com\/wp-content\/uploads\/2025\/09\/CCRail_normaenderungen-1536x512.jpg 1536w, https:\/\/www.cc-rail.com\/wp-content\/uploads\/2025\/09\/CCRail_normaenderungen-2048x683.jpg 2048w\" sizes=\"(max-width: 300px) 100vw, 300px\" \/><\/div>\n\t\t<\/a>\n\t\t\t\t<div class=\"elementor-post__text\">\n\t\t\t\t<h3 class=\"elementor-post__title\">\n\t\t\t<a href=\"https:\/\/www.cc-rail.com\/fr\/decisions-developpements-les-modifications-ded-normes-et-leurs-implications\/\" >\n\t\t\t\tD\u00e9cisions &amp; d\u00e9veloppements : Les modifications ded normes et leurs implications\t\t\t<\/a>\n\t\t<\/h3>\n\t\t\t\t<div class=\"elementor-post__meta-data\">\n\t\t\t\t\t<span class=\"elementor-post-date\">\n\t\t\tseptembre 3, 2025\t\t<\/span>\n\t\t\t\t<\/div>\n\t\t\n\t\t<a class=\"elementor-post__read-more\" href=\"https:\/\/www.cc-rail.com\/fr\/decisions-developpements-les-modifications-ded-normes-et-leurs-implications\/\" aria-label=\"En savoir plus sur D\u00e9cisions &amp; d\u00e9veloppements : Les modifications ded normes et leurs implications\" tabindex=\"-1\" >\n\t\t\tLire la suite &gt;\t\t<\/a>\n\n\t\t\t\t<\/div>\n\t\t\t\t<\/article>\n\t\t\t\t<article class=\"elementor-post elementor-grid-item post-4377 post type-post status-publish format-standard has-post-thumbnail hentry category-actualites\" role=\"listitem\">\n\t\t\t\t<a class=\"elementor-post__thumbnail__link\" href=\"https:\/\/www.cc-rail.com\/fr\/rebranding-renforcement-un-nouveau-look-deux-nouvelles-tetes\/\" tabindex=\"-1\" >\n\t\t\t<div class=\"elementor-post__thumbnail\"><img decoding=\"async\" width=\"300\" height=\"100\" src=\"https:\/\/www.cc-rail.com\/wp-content\/uploads\/2025\/09\/CCRail_rebranding-verstaerkung5-300x100.jpg\" class=\"attachment-medium size-medium wp-image-4362\" alt=\"\" srcset=\"https:\/\/www.cc-rail.com\/wp-content\/uploads\/2025\/09\/CCRail_rebranding-verstaerkung5-300x100.jpg 300w, https:\/\/www.cc-rail.com\/wp-content\/uploads\/2025\/09\/CCRail_rebranding-verstaerkung5-1024x341.jpg 1024w, https:\/\/www.cc-rail.com\/wp-content\/uploads\/2025\/09\/CCRail_rebranding-verstaerkung5-768x256.jpg 768w, https:\/\/www.cc-rail.com\/wp-content\/uploads\/2025\/09\/CCRail_rebranding-verstaerkung5-1536x512.jpg 1536w, https:\/\/www.cc-rail.com\/wp-content\/uploads\/2025\/09\/CCRail_rebranding-verstaerkung5-2048x683.jpg 2048w\" sizes=\"(max-width: 300px) 100vw, 300px\" \/><\/div>\n\t\t<\/a>\n\t\t\t\t<div class=\"elementor-post__text\">\n\t\t\t\t<h3 class=\"elementor-post__title\">\n\t\t\t<a href=\"https:\/\/www.cc-rail.com\/fr\/rebranding-renforcement-un-nouveau-look-deux-nouvelles-tetes\/\" >\n\t\t\t\tRebranding &amp; renforcement : un nouveau look, deux nouvelles t\u00eates\t\t\t<\/a>\n\t\t<\/h3>\n\t\t\t\t<div class=\"elementor-post__meta-data\">\n\t\t\t\t\t<span class=\"elementor-post-date\">\n\t\t\tseptembre 2, 2025\t\t<\/span>\n\t\t\t\t<\/div>\n\t\t\n\t\t<a class=\"elementor-post__read-more\" href=\"https:\/\/www.cc-rail.com\/fr\/rebranding-renforcement-un-nouveau-look-deux-nouvelles-tetes\/\" aria-label=\"En savoir plus sur Rebranding &amp; renforcement : un nouveau look, deux nouvelles t\u00eates\" tabindex=\"-1\" >\n\t\t\tLire la suite &gt;\t\t<\/a>\n\n\t\t\t\t<\/div>\n\t\t\t\t<\/article>\n\t\t\t\t<\/div>\n\t\t\t\t\t<span class=\"e-load-more-spinner\">\n\t\t\t\t<svg aria-hidden=\"true\" class=\"e-font-icon-svg e-fas-spinner\" viewBox=\"0 0 512 512\" xmlns=\"http:\/\/www.w3.org\/2000\/svg\"><path d=\"M304 48c0 26.51-21.49 48-48 48s-48-21.49-48-48 21.49-48 48-48 48 21.49 48 48zm-48 368c-26.51 0-48 21.49-48 48s21.49 48 48 48 48-21.49 48-48-21.49-48-48-48zm208-208c-26.51 0-48 21.49-48 48s21.49 48 48 48 48-21.49 48-48-21.49-48-48-48zM96 256c0-26.51-21.49-48-48-48S0 229.49 0 256s21.49 48 48 48 48-21.49 48-48zm12.922 99.078c-26.51 0-48 21.49-48 48s21.49 48 48 48 48-21.49 48-48c0-26.509-21.491-48-48-48zm294.156 0c-26.51 0-48 21.49-48 48s21.49 48 48 48 48-21.49 48-48c0-26.509-21.49-48-48-48zM108.922 60.922c-26.51 0-48 21.49-48 48s21.49 48 48 48 48-21.49 48-48-21.491-48-48-48z\"><\/path><\/svg>\t\t\t<\/span>\n\t\t\n\t\t\t\t\t\t<\/div>\n\t\t\t\t<\/div>\n\t\t\t\t\t<\/div>\n\t\t\t\t<\/div>\n\t\t<div class=\"elementor-element elementor-element-7e69d94 e-con-full e-flex e-con e-parent\" data-id=\"7e69d94\" data-element_type=\"container\" data-e-type=\"container\">\n\t\t<div class=\"elementor-element elementor-element-4c4a497 e-con-full e-flex e-con e-child\" data-id=\"4c4a497\" data-element_type=\"container\" data-e-type=\"container\">\n\t\t<div class=\"elementor-element elementor-element-8909243 e-con-full e-flex e-con e-child\" data-id=\"8909243\" data-element_type=\"container\" data-e-type=\"container\">\n\t\t\t\t<div class=\"elementor-element elementor-element-4027d1c elementor-widget-tablet__width-inherit elementor-widget elementor-widget-image\" data-id=\"4027d1c\" data-element_type=\"widget\" data-e-type=\"widget\" data-widget_type=\"image.default\">\n\t\t\t\t<div class=\"elementor-widget-container\">\n\t\t\t\t\t\t\t\t\t\t\t\t\t\t\t<img loading=\"lazy\" decoding=\"async\" width=\"800\" height=\"533\" src=\"https:\/\/www.cc-rail.com\/wp-content\/uploads\/2025\/06\/meizhi-lang-_ls8P4xGykk-unsplash_Unschaerfe-1024x682.webp\" class=\"attachment-large size-large wp-image-2951\" alt=\"\" srcset=\"https:\/\/www.cc-rail.com\/wp-content\/uploads\/2025\/06\/meizhi-lang-_ls8P4xGykk-unsplash_Unschaerfe-1024x682.webp 1024w, https:\/\/www.cc-rail.com\/wp-content\/uploads\/2025\/06\/meizhi-lang-_ls8P4xGykk-unsplash_Unschaerfe-300x200.webp 300w, https:\/\/www.cc-rail.com\/wp-content\/uploads\/2025\/06\/meizhi-lang-_ls8P4xGykk-unsplash_Unschaerfe-768x512.webp 768w, https:\/\/www.cc-rail.com\/wp-content\/uploads\/2025\/06\/meizhi-lang-_ls8P4xGykk-unsplash_Unschaerfe-1536x1024.webp 1536w, https:\/\/www.cc-rail.com\/wp-content\/uploads\/2025\/06\/meizhi-lang-_ls8P4xGykk-unsplash_Unschaerfe.webp 2000w\" sizes=\"(max-width: 800px) 100vw, 800px\" \/>\t\t\t\t\t\t\t\t\t\t\t\t\t\t\t<\/div>\n\t\t\t\t<\/div>\n\t\t\t\t<\/div>\n\t\t\t\t<\/div>\n\t\t<div class=\"elementor-element elementor-element-eff7c65 e-flex e-con-boxed e-con e-child\" data-id=\"eff7c65\" data-element_type=\"container\" data-e-type=\"container\">\n\t\t\t\t\t<div class=\"e-con-inner\">\n\t\t<div class=\"elementor-element elementor-element-eb7d47a e-con-full e-flex e-con e-child\" data-id=\"eb7d47a\" data-element_type=\"container\" data-e-type=\"container\">\n\t\t<div class=\"elementor-element elementor-element-ffd0e77 e-con-full e-flex e-con e-child\" data-id=\"ffd0e77\" data-element_type=\"container\" data-e-type=\"container\">\n\t\t<div class=\"elementor-element elementor-element-fc10cc9 e-con-full e-flex e-con e-child\" data-id=\"fc10cc9\" data-element_type=\"container\" data-e-type=\"container\">\n\t\t<div class=\"elementor-element elementor-element-fd76686 e-con-full e-flex e-con e-child\" data-id=\"fd76686\" data-element_type=\"container\" data-e-type=\"container\" data-settings=\"{&quot;background_background&quot;:&quot;classic&quot;}\">\n\t\t\t\t<\/div>\n\t\t<div class=\"elementor-element elementor-element-95213c7 e-con-full e-flex e-con e-child\" data-id=\"95213c7\" data-element_type=\"container\" data-e-type=\"container\" data-settings=\"{&quot;background_background&quot;:&quot;classic&quot;}\">\n\t\t\t\t<div class=\"elementor-element elementor-element-edb7ae4 elementor-widget__width-inherit elementor-widget elementor-widget-heading\" data-id=\"edb7ae4\" data-element_type=\"widget\" data-e-type=\"widget\" data-widget_type=\"heading.default\">\n\t\t\t\t<div class=\"elementor-widget-container\">\n\t\t\t\t\t<h2 class=\"elementor-heading-title elementor-size-default\">Nous sommes l\u00e0 pour toi !<\/h2>\t\t\t\t<\/div>\n\t\t\t\t<\/div>\n\t\t\t\t<\/div>\n\t\t\t\t<\/div>\n\t\t<div class=\"elementor-element elementor-element-e579296 e-con-full e-flex e-con e-child\" data-id=\"e579296\" data-element_type=\"container\" data-e-type=\"container\">\n\t\t\t\t<div class=\"elementor-element elementor-element-1250e6a elementor-align-right elementor-widget elementor-widget-button\" data-id=\"1250e6a\" data-element_type=\"widget\" data-e-type=\"widget\" data-widget_type=\"button.default\">\n\t\t\t\t<div class=\"elementor-widget-container\">\n\t\t\t\t\t\t\t\t\t<div class=\"elementor-button-wrapper\">\n\t\t\t\t\t<a class=\"elementor-button elementor-button-link elementor-size-sm\" href=\"https:\/\/www.cc-rail.com\/fr\/contact\/\">\n\t\t\t\t\t\t<span class=\"elementor-button-content-wrapper\">\n\t\t\t\t\t\t<span class=\"elementor-button-icon\">\n\t\t\t\t<svg xmlns=\"http:\/\/www.w3.org\/2000\/svg\" id=\"Ebene_2\" data-name=\"Ebene 2\" viewBox=\"0 0 7.74 15\"><g id=\"Ebene_1-2\" data-name=\"Ebene 1\"><path d=\"M.24,15c-.06,0-.12-.02-.17-.07-.09-.09-.09-.25,0-.34l7.09-7.09L.07.41C-.02.32-.02.17.07.07S.32-.02.41.07l7.26,7.26c.09.09.09.25,0,.34L.41,14.93s-.11.07-.17.07Z\"><\/path><\/g><\/svg>\t\t\t<\/span>\n\t\t\t\t\t\t\t\t\t<span class=\"elementor-button-text\">Contacter maintenant<\/span>\n\t\t\t\t\t<\/span>\n\t\t\t\t\t<\/a>\n\t\t\t\t<\/div>\n\t\t\t\t\t\t\t\t<\/div>\n\t\t\t\t<\/div>\n\t\t\t\t<\/div>\n\t\t\t\t<\/div>\n\t\t\t\t<\/div>\n\t\t\t\t\t<\/div>\n\t\t\t\t<\/div>\n\t\t\t\t<\/div>\n\t\t\t\t<\/div>\n\t\t","protected":false},"excerpt":{"rendered":"<p>C&rsquo;est en s&rsquo;impliquant que nous sommes le plus \u00e0 l&rsquo;aise. Ce qui fait bouger notre branche nous fait bouger. Succ\u00e8s,<\/p>\n","protected":false},"author":1,"featured_media":0,"parent":0,"menu_order":0,"comment_status":"closed","ping_status":"closed","template":"","meta":{"_acf_changed":false,"footnotes":""},"class_list":["post-3651","page","type-page","status-publish","hentry"],"acf":[],"yoast_head":"<!-- This site is optimized with the Yoast SEO plugin v27.2 - https:\/\/yoast.com\/product\/yoast-seo-wordpress\/ -->\n<title>Actualit\u00e9s - CC-Rail<\/title>\n<meta name=\"robots\" content=\"index, follow, max-snippet:-1, max-image-preview:large, max-video-preview:-1\" \/>\n<link rel=\"canonical\" href=\"https:\/\/www.cc-rail.com\/aktuelles\/\" \/>\n<meta property=\"og:locale\" content=\"fr_FR\" \/>\n<meta property=\"og:type\" content=\"article\" \/>\n<meta property=\"og:title\" content=\"Actualit\u00e9s - CC-Rail\" \/>\n<meta property=\"og:description\" content=\"C&rsquo;est en s&rsquo;impliquant que nous sommes le plus \u00e0 l&rsquo;aise. Ce qui fait bouger notre branche nous fait bouger. Succ\u00e8s,\" \/>\n<meta property=\"og:url\" content=\"https:\/\/www.cc-rail.com\/aktuelles\/\" \/>\n<meta property=\"og:site_name\" content=\"CC-Rail\" \/>\n<meta property=\"article:modified_time\" content=\"2025-07-31T10:59:15+00:00\" \/>\n<meta property=\"og:image\" content=\"https:\/\/www.cc-rail.com\/wp-content\/uploads\/2025\/05\/iStock-2164921725-Kopie.webp\" \/>\n\t<meta property=\"og:image:width\" content=\"2500\" \/>\n\t<meta property=\"og:image:height\" content=\"1667\" \/>\n\t<meta property=\"og:image:type\" content=\"image\/webp\" \/>\n<meta name=\"twitter:card\" content=\"summary_large_image\" \/>\n<script type=\"application\/ld+json\" class=\"yoast-schema-graph\">{\"@context\":\"https:\/\/schema.org\",\"@graph\":[{\"@type\":\"WebPage\",\"@id\":\"https:\/\/www.cc-rail.com\/aktuelles\/\",\"url\":\"https:\/\/www.cc-rail.com\/aktuelles\/\",\"name\":\"Actualit\u00e9s - CC-Rail\",\"isPartOf\":{\"@id\":\"https:\/\/www.cc-rail.com\/#website\"},\"primaryImageOfPage\":{\"@id\":\"https:\/\/www.cc-rail.com\/aktuelles\/#primaryimage\"},\"image\":{\"@id\":\"https:\/\/www.cc-rail.com\/aktuelles\/#primaryimage\"},\"thumbnailUrl\":\"https:\/\/www.cc-rail.com\/wp-content\/uploads\/2025\/05\/iStock-2164921725-Kopie-1024x683.webp\",\"datePublished\":\"2025-05-27T09:10:11+00:00\",\"dateModified\":\"2025-07-31T10:59:15+00:00\",\"breadcrumb\":{\"@id\":\"https:\/\/www.cc-rail.com\/aktuelles\/#breadcrumb\"},\"inLanguage\":\"fr-FR\",\"potentialAction\":[{\"@type\":\"ReadAction\",\"target\":[\"https:\/\/www.cc-rail.com\/aktuelles\/\"]}]},{\"@type\":\"ImageObject\",\"inLanguage\":\"fr-FR\",\"@id\":\"https:\/\/www.cc-rail.com\/aktuelles\/#primaryimage\",\"url\":\"https:\/\/www.cc-rail.com\/wp-content\/uploads\/2025\/05\/iStock-2164921725-Kopie-1024x683.webp\",\"contentUrl\":\"https:\/\/www.cc-rail.com\/wp-content\/uploads\/2025\/05\/iStock-2164921725-Kopie-1024x683.webp\"},{\"@type\":\"BreadcrumbList\",\"@id\":\"https:\/\/www.cc-rail.com\/aktuelles\/#breadcrumb\",\"itemListElement\":[{\"@type\":\"ListItem\",\"position\":1,\"name\":\"Startseite\",\"item\":\"https:\/\/www.cc-rail.com\/fr\/\"},{\"@type\":\"ListItem\",\"position\":2,\"name\":\"Actualit\u00e9s\"}]},{\"@type\":\"WebSite\",\"@id\":\"https:\/\/www.cc-rail.com\/#website\",\"url\":\"https:\/\/www.cc-rail.com\/\",\"name\":\"CC-Rail\",\"description\":\"\",\"potentialAction\":[{\"@type\":\"SearchAction\",\"target\":{\"@type\":\"EntryPoint\",\"urlTemplate\":\"https:\/\/www.cc-rail.com\/?s={search_term_string}\"},\"query-input\":{\"@type\":\"PropertyValueSpecification\",\"valueRequired\":true,\"valueName\":\"search_term_string\"}}],\"inLanguage\":\"fr-FR\"}]}<\/script>\n<!-- \/ Yoast SEO plugin. -->","yoast_head_json":{"title":"Actualit\u00e9s - CC-Rail","robots":{"index":"index","follow":"follow","max-snippet":"max-snippet:-1","max-image-preview":"max-image-preview:large","max-video-preview":"max-video-preview:-1"},"canonical":"https:\/\/www.cc-rail.com\/aktuelles\/","og_locale":"fr_FR","og_type":"article","og_title":"Actualit\u00e9s - CC-Rail","og_description":"C&rsquo;est en s&rsquo;impliquant que nous sommes le plus \u00e0 l&rsquo;aise. Ce qui fait bouger notre branche nous fait bouger. Succ\u00e8s,","og_url":"https:\/\/www.cc-rail.com\/aktuelles\/","og_site_name":"CC-Rail","article_modified_time":"2025-07-31T10:59:15+00:00","og_image":[{"width":2500,"height":1667,"url":"https:\/\/www.cc-rail.com\/wp-content\/uploads\/2025\/05\/iStock-2164921725-Kopie.webp","type":"image\/webp"}],"twitter_card":"summary_large_image","schema":{"@context":"https:\/\/schema.org","@graph":[{"@type":"WebPage","@id":"https:\/\/www.cc-rail.com\/aktuelles\/","url":"https:\/\/www.cc-rail.com\/aktuelles\/","name":"Actualit\u00e9s - CC-Rail","isPartOf":{"@id":"https:\/\/www.cc-rail.com\/#website"},"primaryImageOfPage":{"@id":"https:\/\/www.cc-rail.com\/aktuelles\/#primaryimage"},"image":{"@id":"https:\/\/www.cc-rail.com\/aktuelles\/#primaryimage"},"thumbnailUrl":"https:\/\/www.cc-rail.com\/wp-content\/uploads\/2025\/05\/iStock-2164921725-Kopie-1024x683.webp","datePublished":"2025-05-27T09:10:11+00:00","dateModified":"2025-07-31T10:59:15+00:00","breadcrumb":{"@id":"https:\/\/www.cc-rail.com\/aktuelles\/#breadcrumb"},"inLanguage":"fr-FR","potentialAction":[{"@type":"ReadAction","target":["https:\/\/www.cc-rail.com\/aktuelles\/"]}]},{"@type":"ImageObject","inLanguage":"fr-FR","@id":"https:\/\/www.cc-rail.com\/aktuelles\/#primaryimage","url":"https:\/\/www.cc-rail.com\/wp-content\/uploads\/2025\/05\/iStock-2164921725-Kopie-1024x683.webp","contentUrl":"https:\/\/www.cc-rail.com\/wp-content\/uploads\/2025\/05\/iStock-2164921725-Kopie-1024x683.webp"},{"@type":"BreadcrumbList","@id":"https:\/\/www.cc-rail.com\/aktuelles\/#breadcrumb","itemListElement":[{"@type":"ListItem","position":1,"name":"Startseite","item":"https:\/\/www.cc-rail.com\/fr\/"},{"@type":"ListItem","position":2,"name":"Actualit\u00e9s"}]},{"@type":"WebSite","@id":"https:\/\/www.cc-rail.com\/#website","url":"https:\/\/www.cc-rail.com\/","name":"CC-Rail","description":"","potentialAction":[{"@type":"SearchAction","target":{"@type":"EntryPoint","urlTemplate":"https:\/\/www.cc-rail.com\/?s={search_term_string}"},"query-input":{"@type":"PropertyValueSpecification","valueRequired":true,"valueName":"search_term_string"}}],"inLanguage":"fr-FR"}]}},"_links":{"self":[{"href":"https:\/\/www.cc-rail.com\/fr\/wp-json\/wp\/v2\/pages\/3651","targetHints":{"allow":["GET"]}}],"collection":[{"href":"https:\/\/www.cc-rail.com\/fr\/wp-json\/wp\/v2\/pages"}],"about":[{"href":"https:\/\/www.cc-rail.com\/fr\/wp-json\/wp\/v2\/types\/page"}],"author":[{"embeddable":true,"href":"https:\/\/www.cc-rail.com\/fr\/wp-json\/wp\/v2\/users\/1"}],"replies":[{"embeddable":true,"href":"https:\/\/www.cc-rail.com\/fr\/wp-json\/wp\/v2\/comments?post=3651"}],"version-history":[{"count":0,"href":"https:\/\/www.cc-rail.com\/fr\/wp-json\/wp\/v2\/pages\/3651\/revisions"}],"wp:attachment":[{"href":"https:\/\/www.cc-rail.com\/fr\/wp-json\/wp\/v2\/media?parent=3651"}],"curies":[{"name":"wp","href":"https:\/\/api.w.org\/{rel}","templated":true}]}}