{"id":3610,"date":"2025-05-27T09:11:10","date_gmt":"2025-05-27T09:11:10","guid":{"rendered":"https:\/\/staging-ccr.preview-kainz.de\/telechargements\/"},"modified":"2026-04-15T04:16:29","modified_gmt":"2026-04-15T04:16:29","slug":"telechargements","status":"publish","type":"page","link":"https:\/\/www.cc-rail.com\/fr\/telechargements\/","title":{"rendered":"T\u00e9l\u00e9chargements"},"content":{"rendered":"\t\t<div data-elementor-type=\"wp-page\" data-elementor-id=\"3610\" class=\"elementor elementor-3610 elementor-772\" data-elementor-post-type=\"page\">\n\t\t\t\t<div class=\"elementor-element elementor-element-ec1587e e-flex e-con-boxed e-con e-parent\" data-id=\"ec1587e\" data-element_type=\"container\" data-e-type=\"container\">\n\t\t\t\t\t<div class=\"e-con-inner\">\n\t\t\t\t<div class=\"elementor-element elementor-element-33de8c4 elementor-widget-tablet__width-inherit elementor-widget elementor-widget-image\" data-id=\"33de8c4\" data-element_type=\"widget\" data-e-type=\"widget\" data-widget_type=\"image.default\">\n\t\t\t\t<div class=\"elementor-widget-container\">\n\t\t\t\t\t\t\t\t\t\t\t\t\t\t\t<img fetchpriority=\"high\" decoding=\"async\" width=\"1333\" height=\"2000\" src=\"https:\/\/www.cc-rail.com\/wp-content\/uploads\/2025\/06\/jakob-h_-KF50BfXwu5M-unsplash.webp\" class=\"attachment-full size-full wp-image-2907\" alt=\"\" srcset=\"https:\/\/www.cc-rail.com\/wp-content\/uploads\/2025\/06\/jakob-h_-KF50BfXwu5M-unsplash.webp 1333w, https:\/\/www.cc-rail.com\/wp-content\/uploads\/2025\/06\/jakob-h_-KF50BfXwu5M-unsplash-200x300.webp 200w, https:\/\/www.cc-rail.com\/wp-content\/uploads\/2025\/06\/jakob-h_-KF50BfXwu5M-unsplash-682x1024.webp 682w, https:\/\/www.cc-rail.com\/wp-content\/uploads\/2025\/06\/jakob-h_-KF50BfXwu5M-unsplash-768x1152.webp 768w, https:\/\/www.cc-rail.com\/wp-content\/uploads\/2025\/06\/jakob-h_-KF50BfXwu5M-unsplash-1024x1536.webp 1024w\" sizes=\"(max-width: 1333px) 100vw, 1333px\" \/>\t\t\t\t\t\t\t\t\t\t\t\t\t\t\t<\/div>\n\t\t\t\t<\/div>\n\t\t\t\t\t<\/div>\n\t\t\t\t<\/div>\n\t\t<div class=\"elementor-element elementor-element-1e58fc9 e-flex e-con-boxed e-con e-parent\" data-id=\"1e58fc9\" data-element_type=\"container\" data-e-type=\"container\">\n\t\t\t\t\t<div class=\"e-con-inner\">\n\t\t<div class=\"elementor-element elementor-element-65dbfe5 e-con-full e-flex e-con e-child\" data-id=\"65dbfe5\" data-element_type=\"container\" data-e-type=\"container\">\n\t\t<div class=\"elementor-element elementor-element-0ae72be e-con-full e-flex e-con e-child\" data-id=\"0ae72be\" data-element_type=\"container\" data-e-type=\"container\" data-settings=\"{&quot;background_background&quot;:&quot;classic&quot;}\">\n\t\t\t\t<\/div>\n\t\t<div class=\"elementor-element elementor-element-c13618e e-con-full e-flex e-con e-child\" data-id=\"c13618e\" data-element_type=\"container\" data-e-type=\"container\" data-settings=\"{&quot;background_background&quot;:&quot;classic&quot;}\">\n\t\t\t\t<div class=\"elementor-element elementor-element-2b23126 elementor-widget__width-inherit elementor-widget elementor-widget-heading\" data-id=\"2b23126\" data-element_type=\"widget\" data-e-type=\"widget\" data-widget_type=\"heading.default\">\n\t\t\t\t<div class=\"elementor-widget-container\">\n\t\t\t\t\t<h2 class=\"elementor-heading-title elementor-size-default\">A emporter et \u00e0 partager :<\/h2>\t\t\t\t<\/div>\n\t\t\t\t<\/div>\n\t\t\t\t<div class=\"elementor-element elementor-element-78f8c97 elementor-widget__width-inherit elementor-widget elementor-widget-heading\" data-id=\"78f8c97\" data-element_type=\"widget\" data-e-type=\"widget\" data-widget_type=\"heading.default\">\n\t\t\t\t<div class=\"elementor-widget-container\">\n\t\t\t\t\t<h2 class=\"elementor-heading-title elementor-size-default\">Du mat\u00e9riel d'information en un clic.<\/h2>\t\t\t\t<\/div>\n\t\t\t\t<\/div>\n\t\t\t\t<\/div>\n\t\t\t\t<\/div>\n\t\t<div class=\"elementor-element elementor-element-130ed05 e-con-full e-flex e-con e-child\" data-id=\"130ed05\" data-element_type=\"container\" data-e-type=\"container\">\n\t\t\t\t<\/div>\n\t\t\t\t\t<\/div>\n\t\t\t\t<\/div>\n\t\t<div class=\"elementor-element elementor-element-d055068 e-flex e-con-boxed e-con e-parent\" data-id=\"d055068\" data-element_type=\"container\" data-e-type=\"container\">\n\t\t\t\t\t<div class=\"e-con-inner\">\n\t\t<div class=\"elementor-element elementor-element-7d96e81 e-con-full e-flex e-con e-child\" data-id=\"7d96e81\" data-element_type=\"container\" data-e-type=\"container\">\n\t\t<div class=\"elementor-element elementor-element-ede6549 e-con-full e-flex e-con e-child\" data-id=\"ede6549\" data-element_type=\"container\" data-e-type=\"container\">\n\t\t\t\t<div class=\"elementor-element elementor-element-55f65f3 elementor-widget__width-initial elementor-widget elementor-widget-heading\" data-id=\"55f65f3\" data-element_type=\"widget\" data-e-type=\"widget\" data-widget_type=\"heading.default\">\n\t\t\t\t<div class=\"elementor-widget-container\">\n\t\t\t\t\t<h2 class=\"elementor-heading-title elementor-size-default\">Documents \u00e0 t\u00e9l\u00e9charger<\/h2>\t\t\t\t<\/div>\n\t\t\t\t<\/div>\n\t\t\t\t<\/div>\n\t\t\t\t<\/div>\n\t\t\t\t\t<\/div>\n\t\t\t\t<\/div>\n\t\t<div class=\"elementor-element elementor-element-60876c1 e-flex e-con-boxed e-con e-parent\" data-id=\"60876c1\" data-element_type=\"container\" data-e-type=\"container\">\n\t\t\t\t\t<div class=\"e-con-inner\">\n\t\t<div class=\"elementor-element elementor-element-55f40d2 e-con-full e-flex e-con e-child\" data-id=\"55f40d2\" data-element_type=\"container\" data-e-type=\"container\">\n\t\t<div class=\"elementor-element elementor-element-34e60da e-con-full e-flex e-con e-child\" data-id=\"34e60da\" data-element_type=\"container\" data-e-type=\"container\" data-settings=\"{&quot;background_background&quot;:&quot;classic&quot;}\">\n\t\t<div class=\"elementor-element elementor-element-cd989ea e-con-full e-flex e-con e-child\" data-id=\"cd989ea\" data-element_type=\"container\" data-e-type=\"container\">\n\t\t\t\t<div class=\"elementor-element elementor-element-3f8219e elementor-widget__width-initial elementor-view-default elementor-widget elementor-widget-icon\" data-id=\"3f8219e\" data-element_type=\"widget\" data-e-type=\"widget\" data-widget_type=\"icon.default\">\n\t\t\t\t<div class=\"elementor-widget-container\">\n\t\t\t\t\t\t\t<div class=\"elementor-icon-wrapper\">\n\t\t\t<a class=\"elementor-icon\" href=\"https:\/\/www.cc-rail.com\/wp-content\/uploads\/2026\/02\/BUSINESS-CASE-_IRIS-implementation-ROI-calculation.pdf\" target=\"_blank\">\n\t\t\t<svg xmlns=\"http:\/\/www.w3.org\/2000\/svg\" id=\"Ebene_2\" data-name=\"Ebene 2\" viewBox=\"0 0 24.19 30\"><g id=\"Ebene_1-2\" data-name=\"Ebene 1\"><g><path d=\"M24.05,7.4L16.79.14c-.09-.09-.21-.14-.34-.14H3.39C1.52,0,0,1.52,0,3.39v23.23c0,1.87,1.52,3.39,3.39,3.39h17.42c1.87,0,3.39-1.52,3.39-3.39V7.74c0-.13-.05-.25-.14-.34ZM23.23,7.94v.77h-5.32c-1.33,0-2.42-1.08-2.42-2.42V.97h.77l6.97,6.97ZM20.81,29.03H3.39c-1.33,0-2.42-1.08-2.42-2.42V3.39C.97,2.05,2.05.97,3.39.97h11.13v5.32c0,1.87,1.52,3.39,3.39,3.39h5.32v16.94c0,1.33-1.08,2.42-2.42,2.42Z\"><\/path><path d=\"M16.11,19.01l-3.53,3.53v-7.54c0-.27-.22-.48-.48-.48s-.48.22-.48.48v7.54l-3.53-3.53c-.19-.19-.5-.19-.68,0s-.19.5,0,.68l4.35,4.35s.1.08.16.11c.06.02.12.04.18.04s.13-.01.18-.04c.06-.02.11-.06.16-.11l4.35-4.35c.19-.19.19-.5,0-.68s-.5-.19-.68,0Z\"><\/path><\/g><\/g><\/svg>\t\t\t<\/a>\n\t\t<\/div>\n\t\t\t\t\t\t<\/div>\n\t\t\t\t<\/div>\n\t\t<div class=\"elementor-element elementor-element-9dd5b7e e-con-full e-flex e-con e-child\" data-id=\"9dd5b7e\" data-element_type=\"container\" data-e-type=\"container\" data-settings=\"{&quot;background_background&quot;:&quot;classic&quot;}\">\n\t\t\t\t<\/div>\n\t\t\t\t<\/div>\n\t\t<div class=\"elementor-element elementor-element-b456103 e-con-full e-flex e-con e-child\" data-id=\"b456103\" data-element_type=\"container\" data-e-type=\"container\">\n\t\t\t\t<div class=\"elementor-element elementor-element-1dc5a85 elementor-widget elementor-widget-heading\" data-id=\"1dc5a85\" data-element_type=\"widget\" data-e-type=\"widget\" data-widget_type=\"heading.default\">\n\t\t\t\t<div class=\"elementor-widget-container\">\n\t\t\t\t\t<h2 class=\"elementor-heading-title elementor-size-default\">BUSINESS CASE : LANCEMENT D'IRIS<\/h2>\t\t\t\t<\/div>\n\t\t\t\t<\/div>\n\t\t\t\t<\/div>\n\t\t\t\t<\/div>\n\t\t<div class=\"elementor-element elementor-element-b36f7dd e-con-full e-flex e-con e-child\" data-id=\"b36f7dd\" data-element_type=\"container\" data-e-type=\"container\" data-settings=\"{&quot;background_background&quot;:&quot;classic&quot;}\">\n\t\t<div class=\"elementor-element elementor-element-81c9c22 e-con-full e-flex e-con e-child\" data-id=\"81c9c22\" data-element_type=\"container\" data-e-type=\"container\">\n\t\t\t\t<div class=\"elementor-element elementor-element-47e0ea5 elementor-widget__width-initial elementor-view-default elementor-widget elementor-widget-icon\" data-id=\"47e0ea5\" data-element_type=\"widget\" data-e-type=\"widget\" data-widget_type=\"icon.default\">\n\t\t\t\t<div class=\"elementor-widget-container\">\n\t\t\t\t\t\t\t<div class=\"elementor-icon-wrapper\">\n\t\t\t<a class=\"elementor-icon\" href=\"https:\/\/www.cc-rail.com\/wp-content\/uploads\/2026\/04\/Business-case-multilingual.xlsx\" target=\"_blank\">\n\t\t\t<svg xmlns=\"http:\/\/www.w3.org\/2000\/svg\" id=\"Ebene_2\" data-name=\"Ebene 2\" viewBox=\"0 0 24.19 30\"><g id=\"Ebene_1-2\" data-name=\"Ebene 1\"><g><path d=\"M24.05,7.4L16.79.14c-.09-.09-.21-.14-.34-.14H3.39C1.52,0,0,1.52,0,3.39v23.23c0,1.87,1.52,3.39,3.39,3.39h17.42c1.87,0,3.39-1.52,3.39-3.39V7.74c0-.13-.05-.25-.14-.34ZM23.23,7.94v.77h-5.32c-1.33,0-2.42-1.08-2.42-2.42V.97h.77l6.97,6.97ZM20.81,29.03H3.39c-1.33,0-2.42-1.08-2.42-2.42V3.39C.97,2.05,2.05.97,3.39.97h11.13v5.32c0,1.87,1.52,3.39,3.39,3.39h5.32v16.94c0,1.33-1.08,2.42-2.42,2.42Z\"><\/path><path d=\"M16.11,19.01l-3.53,3.53v-7.54c0-.27-.22-.48-.48-.48s-.48.22-.48.48v7.54l-3.53-3.53c-.19-.19-.5-.19-.68,0s-.19.5,0,.68l4.35,4.35s.1.08.16.11c.06.02.12.04.18.04s.13-.01.18-.04c.06-.02.11-.06.16-.11l4.35-4.35c.19-.19.19-.5,0-.68s-.5-.19-.68,0Z\"><\/path><\/g><\/g><\/svg>\t\t\t<\/a>\n\t\t<\/div>\n\t\t\t\t\t\t<\/div>\n\t\t\t\t<\/div>\n\t\t<div class=\"elementor-element elementor-element-f29a11c e-con-full e-flex e-con e-child\" data-id=\"f29a11c\" data-element_type=\"container\" data-e-type=\"container\" data-settings=\"{&quot;background_background&quot;:&quot;classic&quot;}\">\n\t\t\t\t<\/div>\n\t\t\t\t<\/div>\n\t\t<div class=\"elementor-element elementor-element-fef7d09 e-con-full e-flex e-con e-child\" data-id=\"fef7d09\" data-element_type=\"container\" data-e-type=\"container\">\n\t\t\t\t<div class=\"elementor-element elementor-element-be5d90e elementor-widget elementor-widget-heading\" data-id=\"be5d90e\" data-element_type=\"widget\" data-e-type=\"widget\" data-widget_type=\"heading.default\">\n\t\t\t\t<div class=\"elementor-widget-container\">\n\t\t\t\t\t<h2 class=\"elementor-heading-title elementor-size-default\">CALCUL DU BUSINESS CASE<\/h2>\t\t\t\t<\/div>\n\t\t\t\t<\/div>\n\t\t\t\t<\/div>\n\t\t\t\t<\/div>\n\t\t\t\t<\/div>\n\t\t<div class=\"elementor-element elementor-element-a0cded7 e-con-full e-flex e-con e-child\" data-id=\"a0cded7\" data-element_type=\"container\" data-e-type=\"container\">\n\t\t<div class=\"elementor-element elementor-element-74ee758 e-con-full e-flex e-con e-child\" data-id=\"74ee758\" data-element_type=\"container\" data-e-type=\"container\" data-settings=\"{&quot;background_background&quot;:&quot;classic&quot;}\">\n\t\t<div class=\"elementor-element elementor-element-c5f01c3 e-con-full e-flex e-con e-child\" data-id=\"c5f01c3\" data-element_type=\"container\" data-e-type=\"container\">\n\t\t\t\t<div class=\"elementor-element elementor-element-a81c028 elementor-widget__width-initial elementor-view-default elementor-widget elementor-widget-icon\" data-id=\"a81c028\" data-element_type=\"widget\" data-e-type=\"widget\" data-widget_type=\"icon.default\">\n\t\t\t\t<div class=\"elementor-widget-container\">\n\t\t\t\t\t\t\t<div class=\"elementor-icon-wrapper\">\n\t\t\t<a class=\"elementor-icon\" href=\"https:\/\/www.cc-rail.com\/wp-content\/uploads\/2026\/02\/IRIS-Certification-process_en_26.pdf\" target=\"_blank\">\n\t\t\t<svg xmlns=\"http:\/\/www.w3.org\/2000\/svg\" id=\"Ebene_2\" data-name=\"Ebene 2\" viewBox=\"0 0 24.19 30\"><g id=\"Ebene_1-2\" data-name=\"Ebene 1\"><g><path d=\"M24.05,7.4L16.79.14c-.09-.09-.21-.14-.34-.14H3.39C1.52,0,0,1.52,0,3.39v23.23c0,1.87,1.52,3.39,3.39,3.39h17.42c1.87,0,3.39-1.52,3.39-3.39V7.74c0-.13-.05-.25-.14-.34ZM23.23,7.94v.77h-5.32c-1.33,0-2.42-1.08-2.42-2.42V.97h.77l6.97,6.97ZM20.81,29.03H3.39c-1.33,0-2.42-1.08-2.42-2.42V3.39C.97,2.05,2.05.97,3.39.97h11.13v5.32c0,1.87,1.52,3.39,3.39,3.39h5.32v16.94c0,1.33-1.08,2.42-2.42,2.42Z\"><\/path><path d=\"M16.11,19.01l-3.53,3.53v-7.54c0-.27-.22-.48-.48-.48s-.48.22-.48.48v7.54l-3.53-3.53c-.19-.19-.5-.19-.68,0s-.19.5,0,.68l4.35,4.35s.1.08.16.11c.06.02.12.04.18.04s.13-.01.18-.04c.06-.02.11-.06.16-.11l4.35-4.35c.19-.19.19-.5,0-.68s-.5-.19-.68,0Z\"><\/path><\/g><\/g><\/svg>\t\t\t<\/a>\n\t\t<\/div>\n\t\t\t\t\t\t<\/div>\n\t\t\t\t<\/div>\n\t\t<div class=\"elementor-element elementor-element-14d6392 e-con-full e-flex e-con e-child\" data-id=\"14d6392\" data-element_type=\"container\" data-e-type=\"container\" data-settings=\"{&quot;background_background&quot;:&quot;classic&quot;}\">\n\t\t\t\t<\/div>\n\t\t\t\t<\/div>\n\t\t<div class=\"elementor-element elementor-element-ed6dc88 e-con-full e-flex e-con e-child\" data-id=\"ed6dc88\" data-element_type=\"container\" data-e-type=\"container\">\n\t\t\t\t<div class=\"elementor-element elementor-element-3e95d1a elementor-widget elementor-widget-heading\" data-id=\"3e95d1a\" data-element_type=\"widget\" data-e-type=\"widget\" data-widget_type=\"heading.default\">\n\t\t\t\t<div class=\"elementor-widget-container\">\n\t\t\t\t\t<h2 class=\"elementor-heading-title elementor-size-default\">PROCESSUS DE CONSEIL ET DE CERTIFICATION IRIS<\/h2>\t\t\t\t<\/div>\n\t\t\t\t<\/div>\n\t\t\t\t<\/div>\n\t\t\t\t<\/div>\n\t\t\t\t<\/div>\n\t\t\t\t\t<\/div>\n\t\t\t\t<\/div>\n\t\t<div class=\"elementor-element elementor-element-6661833 e-con-full e-flex e-con e-parent\" data-id=\"6661833\" data-element_type=\"container\" data-e-type=\"container\">\n\t\t<div class=\"elementor-element elementor-element-323daa2 e-con-full e-flex e-con e-child\" data-id=\"323daa2\" data-element_type=\"container\" data-e-type=\"container\">\n\t\t<div class=\"elementor-element elementor-element-ea627d3 e-con-full e-flex e-con e-child\" data-id=\"ea627d3\" data-element_type=\"container\" data-e-type=\"container\">\n\t\t\t\t<div class=\"elementor-element elementor-element-62e6ec5 elementor-widget-tablet__width-inherit elementor-widget elementor-widget-image\" data-id=\"62e6ec5\" data-element_type=\"widget\" data-e-type=\"widget\" data-widget_type=\"image.default\">\n\t\t\t\t<div class=\"elementor-widget-container\">\n\t\t\t\t\t\t\t\t\t\t\t\t\t\t\t<img decoding=\"async\" width=\"800\" height=\"533\" src=\"https:\/\/www.cc-rail.com\/wp-content\/uploads\/2025\/06\/meizhi-lang-_ls8P4xGykk-unsplash_Unschaerfe-1024x682.webp\" class=\"attachment-large size-large wp-image-2951\" alt=\"\" srcset=\"https:\/\/www.cc-rail.com\/wp-content\/uploads\/2025\/06\/meizhi-lang-_ls8P4xGykk-unsplash_Unschaerfe-1024x682.webp 1024w, https:\/\/www.cc-rail.com\/wp-content\/uploads\/2025\/06\/meizhi-lang-_ls8P4xGykk-unsplash_Unschaerfe-300x200.webp 300w, https:\/\/www.cc-rail.com\/wp-content\/uploads\/2025\/06\/meizhi-lang-_ls8P4xGykk-unsplash_Unschaerfe-768x512.webp 768w, https:\/\/www.cc-rail.com\/wp-content\/uploads\/2025\/06\/meizhi-lang-_ls8P4xGykk-unsplash_Unschaerfe-1536x1024.webp 1536w, https:\/\/www.cc-rail.com\/wp-content\/uploads\/2025\/06\/meizhi-lang-_ls8P4xGykk-unsplash_Unschaerfe.webp 2000w\" sizes=\"(max-width: 800px) 100vw, 800px\" \/>\t\t\t\t\t\t\t\t\t\t\t\t\t\t\t<\/div>\n\t\t\t\t<\/div>\n\t\t\t\t<\/div>\n\t\t\t\t<\/div>\n\t\t<div class=\"elementor-element elementor-element-d5bfe21 e-flex e-con-boxed e-con e-child\" data-id=\"d5bfe21\" data-element_type=\"container\" data-e-type=\"container\">\n\t\t\t\t\t<div class=\"e-con-inner\">\n\t\t<div class=\"elementor-element elementor-element-078d116 e-con-full e-flex e-con e-child\" data-id=\"078d116\" data-element_type=\"container\" data-e-type=\"container\">\n\t\t<div class=\"elementor-element elementor-element-dab6e27 e-con-full e-flex e-con e-child\" data-id=\"dab6e27\" data-element_type=\"container\" data-e-type=\"container\">\n\t\t<div class=\"elementor-element elementor-element-86f5761 e-con-full e-flex e-con e-child\" data-id=\"86f5761\" data-element_type=\"container\" data-e-type=\"container\">\n\t\t<div class=\"elementor-element elementor-element-08c7ba3 e-con-full e-flex e-con e-child\" data-id=\"08c7ba3\" data-element_type=\"container\" data-e-type=\"container\" data-settings=\"{&quot;background_background&quot;:&quot;classic&quot;}\">\n\t\t\t\t<\/div>\n\t\t<div class=\"elementor-element elementor-element-0d81eb4 e-con-full e-flex e-con e-child\" data-id=\"0d81eb4\" data-element_type=\"container\" data-e-type=\"container\" data-settings=\"{&quot;background_background&quot;:&quot;classic&quot;}\">\n\t\t\t\t<div class=\"elementor-element elementor-element-e1c6b25 elementor-widget__width-inherit elementor-widget elementor-widget-heading\" data-id=\"e1c6b25\" data-element_type=\"widget\" data-e-type=\"widget\" data-widget_type=\"heading.default\">\n\t\t\t\t<div class=\"elementor-widget-container\">\n\t\t\t\t\t<h2 class=\"elementor-heading-title elementor-size-default\">Nous sommes l\u00e0 pour toi !<\/h2>\t\t\t\t<\/div>\n\t\t\t\t<\/div>\n\t\t\t\t<\/div>\n\t\t\t\t<\/div>\n\t\t<div class=\"elementor-element elementor-element-d385a3f e-con-full e-flex e-con e-child\" data-id=\"d385a3f\" data-element_type=\"container\" data-e-type=\"container\">\n\t\t\t\t<div class=\"elementor-element elementor-element-7a421d1 elementor-align-right elementor-widget elementor-widget-button\" data-id=\"7a421d1\" data-element_type=\"widget\" data-e-type=\"widget\" data-widget_type=\"button.default\">\n\t\t\t\t<div class=\"elementor-widget-container\">\n\t\t\t\t\t\t\t\t\t<div class=\"elementor-button-wrapper\">\n\t\t\t\t\t<a class=\"elementor-button elementor-button-link elementor-size-sm\" href=\"https:\/\/www.cc-rail.com\/fr\/contact\/\">\n\t\t\t\t\t\t<span class=\"elementor-button-content-wrapper\">\n\t\t\t\t\t\t<span class=\"elementor-button-icon\">\n\t\t\t\t<svg xmlns=\"http:\/\/www.w3.org\/2000\/svg\" id=\"Ebene_2\" data-name=\"Ebene 2\" viewBox=\"0 0 7.74 15\"><g id=\"Ebene_1-2\" data-name=\"Ebene 1\"><path d=\"M.24,15c-.06,0-.12-.02-.17-.07-.09-.09-.09-.25,0-.34l7.09-7.09L.07.41C-.02.32-.02.17.07.07S.32-.02.41.07l7.26,7.26c.09.09.09.25,0,.34L.41,14.93s-.11.07-.17.07Z\"><\/path><\/g><\/svg>\t\t\t<\/span>\n\t\t\t\t\t\t\t\t\t<span class=\"elementor-button-text\">Contacter maintenant<\/span>\n\t\t\t\t\t<\/span>\n\t\t\t\t\t<\/a>\n\t\t\t\t<\/div>\n\t\t\t\t\t\t\t\t<\/div>\n\t\t\t\t<\/div>\n\t\t\t\t<\/div>\n\t\t\t\t<\/div>\n\t\t\t\t<\/div>\n\t\t\t\t\t<\/div>\n\t\t\t\t<\/div>\n\t\t\t\t<\/div>\n\t\t\t\t<\/div>\n\t\t","protected":false},"excerpt":{"rendered":"<p>A emporter et \u00e0 partager : Du mat\u00e9riel d&rsquo;information en un clic. Documents \u00e0 t\u00e9l\u00e9charger BUSINESS CASE : LANCEMENT D&rsquo;IRIS CALCUL DU BUSINESS CASE PROCESSUS DE CONSEIL ET DE CERTIFICATION IRIS Nous sommes l\u00e0 pour toi ! Contacter maintenant<\/p>\n","protected":false},"author":1,"featured_media":0,"parent":0,"menu_order":0,"comment_status":"closed","ping_status":"closed","template":"","meta":{"_acf_changed":false,"footnotes":""},"class_list":["post-3610","page","type-page","status-publish","hentry"],"acf":[],"yoast_head":"<!-- This site is optimized with the Yoast SEO plugin v27.2 - https:\/\/yoast.com\/product\/yoast-seo-wordpress\/ -->\n<title>T\u00e9l\u00e9chargements - CC-Rail<\/title>\n<meta name=\"robots\" content=\"index, follow, max-snippet:-1, max-image-preview:large, max-video-preview:-1\" \/>\n<link rel=\"canonical\" href=\"https:\/\/www.cc-rail.com\/downloads\/\" \/>\n<meta property=\"og:locale\" content=\"fr_FR\" \/>\n<meta property=\"og:type\" content=\"article\" \/>\n<meta property=\"og:title\" content=\"T\u00e9l\u00e9chargements - CC-Rail\" \/>\n<meta property=\"og:description\" content=\"A emporter et \u00e0 partager : Du mat\u00e9riel d&rsquo;information en un clic. Documents \u00e0 t\u00e9l\u00e9charger BUSINESS CASE : LANCEMENT D&rsquo;IRIS CALCUL DU BUSINESS CASE PROCESSUS DE CONSEIL ET DE CERTIFICATION IRIS Nous sommes l\u00e0 pour toi ! Contacter maintenant\" \/>\n<meta property=\"og:url\" content=\"https:\/\/www.cc-rail.com\/downloads\/\" \/>\n<meta property=\"og:site_name\" content=\"CC-Rail\" \/>\n<meta property=\"article:modified_time\" content=\"2026-04-15T04:16:29+00:00\" \/>\n<meta property=\"og:image\" content=\"https:\/\/www.cc-rail.com\/wp-content\/uploads\/2025\/06\/jakob-h_-KF50BfXwu5M-unsplash.webp\" \/>\n\t<meta property=\"og:image:width\" content=\"1333\" \/>\n\t<meta property=\"og:image:height\" content=\"2000\" \/>\n\t<meta property=\"og:image:type\" content=\"image\/webp\" \/>\n<meta name=\"twitter:card\" content=\"summary_large_image\" \/>\n<meta name=\"twitter:label1\" content=\"Dur\u00e9e de lecture estim\u00e9e\" \/>\n\t<meta name=\"twitter:data1\" content=\"1 minute\" \/>\n<script type=\"application\/ld+json\" class=\"yoast-schema-graph\">{\"@context\":\"https:\/\/schema.org\",\"@graph\":[{\"@type\":\"WebPage\",\"@id\":\"https:\/\/www.cc-rail.com\/downloads\/\",\"url\":\"https:\/\/www.cc-rail.com\/downloads\/\",\"name\":\"T\u00e9l\u00e9chargements - CC-Rail\",\"isPartOf\":{\"@id\":\"https:\/\/www.cc-rail.com\/#website\"},\"primaryImageOfPage\":{\"@id\":\"https:\/\/www.cc-rail.com\/downloads\/#primaryimage\"},\"image\":{\"@id\":\"https:\/\/www.cc-rail.com\/downloads\/#primaryimage\"},\"thumbnailUrl\":\"https:\/\/www.cc-rail.com\/wp-content\/uploads\/2025\/06\/jakob-h_-KF50BfXwu5M-unsplash.webp\",\"datePublished\":\"2025-05-27T09:11:10+00:00\",\"dateModified\":\"2026-04-15T04:16:29+00:00\",\"breadcrumb\":{\"@id\":\"https:\/\/www.cc-rail.com\/downloads\/#breadcrumb\"},\"inLanguage\":\"fr-FR\",\"potentialAction\":[{\"@type\":\"ReadAction\",\"target\":[\"https:\/\/www.cc-rail.com\/downloads\/\"]}]},{\"@type\":\"ImageObject\",\"inLanguage\":\"fr-FR\",\"@id\":\"https:\/\/www.cc-rail.com\/downloads\/#primaryimage\",\"url\":\"https:\/\/www.cc-rail.com\/wp-content\/uploads\/2025\/06\/jakob-h_-KF50BfXwu5M-unsplash.webp\",\"contentUrl\":\"https:\/\/www.cc-rail.com\/wp-content\/uploads\/2025\/06\/jakob-h_-KF50BfXwu5M-unsplash.webp\"},{\"@type\":\"BreadcrumbList\",\"@id\":\"https:\/\/www.cc-rail.com\/downloads\/#breadcrumb\",\"itemListElement\":[{\"@type\":\"ListItem\",\"position\":1,\"name\":\"Startseite\",\"item\":\"https:\/\/www.cc-rail.com\/fr\/\"},{\"@type\":\"ListItem\",\"position\":2,\"name\":\"T\u00e9l\u00e9chargements\"}]},{\"@type\":\"WebSite\",\"@id\":\"https:\/\/www.cc-rail.com\/#website\",\"url\":\"https:\/\/www.cc-rail.com\/\",\"name\":\"CC-Rail\",\"description\":\"\",\"potentialAction\":[{\"@type\":\"SearchAction\",\"target\":{\"@type\":\"EntryPoint\",\"urlTemplate\":\"https:\/\/www.cc-rail.com\/?s={search_term_string}\"},\"query-input\":{\"@type\":\"PropertyValueSpecification\",\"valueRequired\":true,\"valueName\":\"search_term_string\"}}],\"inLanguage\":\"fr-FR\"}]}<\/script>\n<!-- \/ Yoast SEO plugin. -->","yoast_head_json":{"title":"T\u00e9l\u00e9chargements - CC-Rail","robots":{"index":"index","follow":"follow","max-snippet":"max-snippet:-1","max-image-preview":"max-image-preview:large","max-video-preview":"max-video-preview:-1"},"canonical":"https:\/\/www.cc-rail.com\/downloads\/","og_locale":"fr_FR","og_type":"article","og_title":"T\u00e9l\u00e9chargements - CC-Rail","og_description":"A emporter et \u00e0 partager : Du mat\u00e9riel d&rsquo;information en un clic. Documents \u00e0 t\u00e9l\u00e9charger BUSINESS CASE : LANCEMENT D&rsquo;IRIS CALCUL DU BUSINESS CASE PROCESSUS DE CONSEIL ET DE CERTIFICATION IRIS Nous sommes l\u00e0 pour toi ! Contacter maintenant","og_url":"https:\/\/www.cc-rail.com\/downloads\/","og_site_name":"CC-Rail","article_modified_time":"2026-04-15T04:16:29+00:00","og_image":[{"width":1333,"height":2000,"url":"https:\/\/www.cc-rail.com\/wp-content\/uploads\/2025\/06\/jakob-h_-KF50BfXwu5M-unsplash.webp","type":"image\/webp"}],"twitter_card":"summary_large_image","twitter_misc":{"Dur\u00e9e de lecture estim\u00e9e":"1 minute"},"schema":{"@context":"https:\/\/schema.org","@graph":[{"@type":"WebPage","@id":"https:\/\/www.cc-rail.com\/downloads\/","url":"https:\/\/www.cc-rail.com\/downloads\/","name":"T\u00e9l\u00e9chargements - CC-Rail","isPartOf":{"@id":"https:\/\/www.cc-rail.com\/#website"},"primaryImageOfPage":{"@id":"https:\/\/www.cc-rail.com\/downloads\/#primaryimage"},"image":{"@id":"https:\/\/www.cc-rail.com\/downloads\/#primaryimage"},"thumbnailUrl":"https:\/\/www.cc-rail.com\/wp-content\/uploads\/2025\/06\/jakob-h_-KF50BfXwu5M-unsplash.webp","datePublished":"2025-05-27T09:11:10+00:00","dateModified":"2026-04-15T04:16:29+00:00","breadcrumb":{"@id":"https:\/\/www.cc-rail.com\/downloads\/#breadcrumb"},"inLanguage":"fr-FR","potentialAction":[{"@type":"ReadAction","target":["https:\/\/www.cc-rail.com\/downloads\/"]}]},{"@type":"ImageObject","inLanguage":"fr-FR","@id":"https:\/\/www.cc-rail.com\/downloads\/#primaryimage","url":"https:\/\/www.cc-rail.com\/wp-content\/uploads\/2025\/06\/jakob-h_-KF50BfXwu5M-unsplash.webp","contentUrl":"https:\/\/www.cc-rail.com\/wp-content\/uploads\/2025\/06\/jakob-h_-KF50BfXwu5M-unsplash.webp"},{"@type":"BreadcrumbList","@id":"https:\/\/www.cc-rail.com\/downloads\/#breadcrumb","itemListElement":[{"@type":"ListItem","position":1,"name":"Startseite","item":"https:\/\/www.cc-rail.com\/fr\/"},{"@type":"ListItem","position":2,"name":"T\u00e9l\u00e9chargements"}]},{"@type":"WebSite","@id":"https:\/\/www.cc-rail.com\/#website","url":"https:\/\/www.cc-rail.com\/","name":"CC-Rail","description":"","potentialAction":[{"@type":"SearchAction","target":{"@type":"EntryPoint","urlTemplate":"https:\/\/www.cc-rail.com\/?s={search_term_string}"},"query-input":{"@type":"PropertyValueSpecification","valueRequired":true,"valueName":"search_term_string"}}],"inLanguage":"fr-FR"}]}},"_links":{"self":[{"href":"https:\/\/www.cc-rail.com\/fr\/wp-json\/wp\/v2\/pages\/3610","targetHints":{"allow":["GET"]}}],"collection":[{"href":"https:\/\/www.cc-rail.com\/fr\/wp-json\/wp\/v2\/pages"}],"about":[{"href":"https:\/\/www.cc-rail.com\/fr\/wp-json\/wp\/v2\/types\/page"}],"author":[{"embeddable":true,"href":"https:\/\/www.cc-rail.com\/fr\/wp-json\/wp\/v2\/users\/1"}],"replies":[{"embeddable":true,"href":"https:\/\/www.cc-rail.com\/fr\/wp-json\/wp\/v2\/comments?post=3610"}],"version-history":[{"count":3,"href":"https:\/\/www.cc-rail.com\/fr\/wp-json\/wp\/v2\/pages\/3610\/revisions"}],"predecessor-version":[{"id":4838,"href":"https:\/\/www.cc-rail.com\/fr\/wp-json\/wp\/v2\/pages\/3610\/revisions\/4838"}],"wp:attachment":[{"href":"https:\/\/www.cc-rail.com\/fr\/wp-json\/wp\/v2\/media?parent=3610"}],"curies":[{"name":"wp","href":"https:\/\/api.w.org\/{rel}","templated":true}]}}